{"id":53043,"date":"2026-04-21T00:01:37","date_gmt":"2026-04-21T04:01:37","guid":{"rendered":"https:\/\/www.mtlghouse.ca\/?post_type=product&#038;p=53043"},"modified":"2026-04-28T14:14:12","modified_gmt":"2026-04-28T18:14:12","slug":"zinnia-cactus-cactus-zinnia","status":"publish","type":"product","link":"https:\/\/www.mtlghouse.ca\/en\/product\/zinnia-cactus-cactus-zinnia\/","title":{"rendered":"Zinnia Cactus &#8211; Cactus Zinnia"},"content":{"rendered":"<section class=\"text-token-text-primary w-full focus:outline-none [--shadow-height:45px] has-data-writing-block:pointer-events-none has-data-writing-block:-mt-(--shadow-height) has-data-writing-block:pt-(--shadow-height) [&amp;:has([data-writing-block])&gt;*]:pointer-events-auto scroll-mt-(--header-height)\" dir=\"auto\" data-turn-id=\"b1690de4-33cf-4e23-b887-ad2c7d872308\" data-testid=\"conversation-turn-197\" data-scroll-anchor=\"false\" data-turn=\"user\">\n<div class=\"text-base my-auto mx-auto pt-12 [--thread-content-margin:var(--thread-content-margin-xs,calc(var(--spacing)*4))] @w-sm\/main:[--thread-content-margin:var(--thread-content-margin-sm,calc(var(--spacing)*6))] @w-lg\/main:[--thread-content-margin:var(--thread-content-margin-lg,calc(var(--spacing)*16))] px-(--thread-content-margin)\">\n<div class=\"[--thread-content-max-width:40rem] @w-lg\/main:[--thread-content-max-width:48rem] mx-auto max-w-(--thread-content-max-width) flex-1 group\/turn-messages focus-visible:outline-hidden relative flex w-full min-w-0 flex-col\">\n<div class=\"flex max-w-full flex-col gap-4 grow\">\n<div class=\"min-h-8 text-message relative flex w-full flex-col items-end gap-2 text-start break-words whitespace-normal outline-none keyboard-focused:focus-ring [.text-message+&amp;]:mt-1\" dir=\"auto\" data-message-author-role=\"user\" data-message-id=\"b1690de4-33cf-4e23-b887-ad2c7d872308\">\n<div class=\"flex w-full flex-col gap-1 empty:hidden items-end rtl:items-start\">\n<div class=\"user-message-bubble-color corner-superellipse\/0.98 relative min-w-0 rounded-[22px] px-4 py-2.5 leading-6 max-w-(--user-chat-width,70%)\">\n<div class=\"[overflow-wrap:anywhere] whitespace-pre-wrap\">La zinnia cactus est une vari\u00e9t\u00e9 spectaculaire reconnue pour ses grandes fleurs doubles aux p\u00e9tales longs, torsad\u00e9s et l\u00e9g\u00e8rement recourb\u00e9s. Offerte dans une gamme de couleurs \u00e9clatantes, elle attire les pollinisateurs et fleurit abondamment tout l\u2019\u00e9t\u00e9. Excellente en massif, en pot et en fleurs coup\u00e9es.<\/div>\n<div><\/div>\n<\/div>\n<div><em>Remarque: Les plantes peuvent varier et ne pas correspondre exactement \u00e0 la photo<\/em><\/div>\n<\/div>\n<\/div>\n<\/div>\n<\/div>\n<\/div>\n<\/section>\n<section class=\"text-token-text-primary w-full focus:outline-none [--shadow-height:45px] has-data-writing-block:pointer-events-none has-data-writing-block:-mt-(--shadow-height) has-data-writing-block:pt-(--shadow-height) [&amp;:has([data-writing-block])&gt;*]:pointer-events-auto scroll-mt-[calc(var(--header-height)+min(200px,max(70px,20svh)))]\" dir=\"auto\" data-turn-id=\"request-WEB:6bab3cf1-d2f7-4cb8-b456-94638e388bea-130\" data-testid=\"conversation-turn-198\" data-scroll-anchor=\"true\" data-turn=\"assistant\">\n<div class=\"text-base my-auto mx-auto pb-10 [--thread-content-margin:var(--thread-content-margin-xs,calc(var(--spacing)*4))] @w-sm\/main:[--thread-content-margin:var(--thread-content-margin-sm,calc(var(--spacing)*6))] @w-lg\/main:[--thread-content-margin:var(--thread-content-margin-lg,calc(var(--spacing)*16))] px-(--thread-content-margin)\">\n<div class=\"[--thread-content-max-width:40rem] @w-lg\/main:[--thread-content-max-width:48rem] mx-auto max-w-(--thread-content-max-width) flex-1 group\/turn-messages focus-visible:outline-hidden relative flex w-full min-w-0 flex-col agent-turn\">\n<div class=\"flex max-w-full flex-col gap-4 grow\">\n<div class=\"min-h-8 text-message relative flex w-full flex-col items-end gap-2 text-start break-words whitespace-normal outline-none keyboard-focused:focus-ring [.text-message+&amp;]:mt-1\" dir=\"auto\" data-message-author-role=\"assistant\" data-message-id=\"8059e96b-5f8d-4337-b453-d3a99464b3a1\" data-message-model-slug=\"gpt-5-3\" data-turn-start-message=\"true\">\n<div class=\"flex w-full flex-col gap-1 empty:hidden\">\n<div class=\"markdown prose dark:prose-invert w-full wrap-break-word dark markdown-new-styling\">\n<p data-start=\"354\" data-end=\"625\">Cactus zinnia is a striking variety known for its large double blooms with long twisted slightly curved petals. Available in a range of vibrant colors, it attracts pollinators and blooms heavily all summer. Excellent for garden beds, containers, and cut flowers.<\/p>\n<p><em>Note: Plants may vary and may not match the photo exactly<\/em><\/p>\n<\/div>\n<\/div>\n<\/div>\n<\/div>\n<\/div>\n<\/div>\n<\/section>\n","protected":false},"excerpt":{"rendered":"<p>La zinnia cactus est une vari\u00e9t\u00e9 spectaculaire reconnue pour ses grandes fleurs doubles aux p\u00e9tales longs, torsad\u00e9s et l\u00e9g\u00e8rement recourb\u00e9s. Offerte dans une gamme de couleurs \u00e9clatantes, elle attire les pollinisateurs et fleurit abondamment tout l\u2019\u00e9t\u00e9. Excellente en massif, en pot et en fleurs coup\u00e9es. Remarque: Les plantes peuvent varier et ne pas correspondre exactement [&hellip;]<\/p>\n","protected":false},"featured_media":53046,"comment_status":"open","ping_status":"closed","template":"","meta":[],"product_brand":[],"product_cat":[120],"product_tag":[],"class_list":{"0":"post-53043","1":"product","2":"type-product","3":"status-publish","4":"has-post-thumbnail","6":"product_cat-fleurs-annuelles-annual-flowers","8":"first","9":"instock","10":"purchasable","11":"product-type-simple"},"yoast_head":"<!-- This site is optimized with the Yoast SEO Premium plugin v27.4 (Yoast SEO v27.4) - https:\/\/yoast.com\/product\/yoast-seo-premium-wordpress\/ -->\n<title>Zinnia Cactus - Cactus Zinnia - Montreal Urban Greenhouse<\/title>\n<meta name=\"robots\" content=\"index, follow, max-snippet:-1, max-image-preview:large, max-video-preview:-1\" \/>\n<link rel=\"canonical\" href=\"https:\/\/www.mtlghouse.ca\/en\/product\/zinnia-cactus-cactus-zinnia\/\" \/>\n<meta property=\"og:locale\" content=\"en_US\" \/>\n<meta property=\"og:type\" content=\"article\" \/>\n<meta property=\"og:title\" content=\"Zinnia Cactus - Cactus Zinnia\" \/>\n<meta property=\"og:description\" content=\"La zinnia cactus est une vari\u00e9t\u00e9 spectaculaire reconnue pour ses grandes fleurs doubles aux p\u00e9tales longs, torsad\u00e9s et l\u00e9g\u00e8rement recourb\u00e9s. Offerte dans une gamme de couleurs \u00e9clatantes, elle attire les pollinisateurs et fleurit abondamment tout l\u2019\u00e9t\u00e9. Excellente en massif, en pot et en fleurs coup\u00e9es. Remarque: Les plantes peuvent varier et ne pas correspondre exactement [&hellip;]\" \/>\n<meta property=\"og:url\" content=\"https:\/\/www.mtlghouse.ca\/en\/product\/zinnia-cactus-cactus-zinnia\/\" \/>\n<meta property=\"og:site_name\" content=\"Montreal Urban Greenhouse\" \/>\n<meta property=\"article:modified_time\" content=\"2026-04-28T18:14:12+00:00\" \/>\n<meta property=\"og:image\" content=\"https:\/\/www.mtlghouse.ca\/wp-content\/uploads\/2026\/04\/CactusBrightJewelsMixZinnia.jpg\" \/>\n\t<meta property=\"og:image:width\" content=\"770\" \/>\n\t<meta property=\"og:image:height\" content=\"734\" \/>\n\t<meta property=\"og:image:type\" content=\"image\/jpeg\" \/>\n<meta name=\"twitter:card\" content=\"summary_large_image\" \/>\n<meta name=\"twitter:label1\" content=\"Est. reading time\" \/>\n\t<meta name=\"twitter:data1\" content=\"1 minute\" \/>\n<script type=\"application\/ld+json\" class=\"yoast-schema-graph\">{\"@context\":\"https:\\\/\\\/schema.org\",\"@graph\":[{\"@type\":\"WebPage\",\"@id\":\"https:\\\/\\\/www.mtlghouse.ca\\\/en\\\/product\\\/zinnia-cactus-cactus-zinnia\\\/\",\"url\":\"https:\\\/\\\/www.mtlghouse.ca\\\/en\\\/product\\\/zinnia-cactus-cactus-zinnia\\\/\",\"name\":\"Zinnia Cactus - Cactus Zinnia - Montreal Urban Greenhouse\",\"isPartOf\":{\"@id\":\"https:\\\/\\\/www.mtlghouse.ca\\\/en\\\/#website\"},\"primaryImageOfPage\":{\"@id\":\"https:\\\/\\\/www.mtlghouse.ca\\\/en\\\/product\\\/zinnia-cactus-cactus-zinnia\\\/#primaryimage\"},\"image\":{\"@id\":\"https:\\\/\\\/www.mtlghouse.ca\\\/en\\\/product\\\/zinnia-cactus-cactus-zinnia\\\/#primaryimage\"},\"thumbnailUrl\":\"https:\\\/\\\/www.mtlghouse.ca\\\/wp-content\\\/uploads\\\/2026\\\/04\\\/CactusBrightJewelsMixZinnia.jpg\",\"datePublished\":\"2026-04-21T04:01:37+00:00\",\"dateModified\":\"2026-04-28T18:14:12+00:00\",\"breadcrumb\":{\"@id\":\"https:\\\/\\\/www.mtlghouse.ca\\\/en\\\/product\\\/zinnia-cactus-cactus-zinnia\\\/#breadcrumb\"},\"inLanguage\":\"en-US\",\"potentialAction\":[{\"@type\":\"ReadAction\",\"target\":[\"https:\\\/\\\/www.mtlghouse.ca\\\/en\\\/product\\\/zinnia-cactus-cactus-zinnia\\\/\"]}]},{\"@type\":\"ImageObject\",\"inLanguage\":\"en-US\",\"@id\":\"https:\\\/\\\/www.mtlghouse.ca\\\/en\\\/product\\\/zinnia-cactus-cactus-zinnia\\\/#primaryimage\",\"url\":\"https:\\\/\\\/www.mtlghouse.ca\\\/wp-content\\\/uploads\\\/2026\\\/04\\\/CactusBrightJewelsMixZinnia.jpg\",\"contentUrl\":\"https:\\\/\\\/www.mtlghouse.ca\\\/wp-content\\\/uploads\\\/2026\\\/04\\\/CactusBrightJewelsMixZinnia.jpg\",\"width\":770,\"height\":734},{\"@type\":\"BreadcrumbList\",\"@id\":\"https:\\\/\\\/www.mtlghouse.ca\\\/en\\\/product\\\/zinnia-cactus-cactus-zinnia\\\/#breadcrumb\",\"itemListElement\":[{\"@type\":\"ListItem\",\"position\":1,\"name\":\"Home\",\"item\":\"https:\\\/\\\/www.mtlghouse.ca\\\/en\\\/\"},{\"@type\":\"ListItem\",\"position\":2,\"name\":\"Ce qu\u2019on offre\",\"item\":\"https:\\\/\\\/www.mtlghouse.ca\\\/en\\\/products-order\\\/\"},{\"@type\":\"ListItem\",\"position\":3,\"name\":\"Zinnia Cactus &#8211; Cactus Zinnia\"}]},{\"@type\":\"WebSite\",\"@id\":\"https:\\\/\\\/www.mtlghouse.ca\\\/en\\\/#website\",\"url\":\"https:\\\/\\\/www.mtlghouse.ca\\\/en\\\/\",\"name\":\"Montreal Urban Greenhouse\",\"description\":\"A hub for urban farming\",\"potentialAction\":[{\"@type\":\"SearchAction\",\"target\":{\"@type\":\"EntryPoint\",\"urlTemplate\":\"https:\\\/\\\/www.mtlghouse.ca\\\/en\\\/?s={search_term_string}\"},\"query-input\":{\"@type\":\"PropertyValueSpecification\",\"valueRequired\":true,\"valueName\":\"search_term_string\"}}],\"inLanguage\":\"en-US\"}]}<\/script>\n<!-- \/ Yoast SEO Premium plugin. -->","yoast_head_json":{"title":"Zinnia Cactus - Cactus Zinnia - Montreal Urban Greenhouse","robots":{"index":"index","follow":"follow","max-snippet":"max-snippet:-1","max-image-preview":"max-image-preview:large","max-video-preview":"max-video-preview:-1"},"canonical":"https:\/\/www.mtlghouse.ca\/en\/product\/zinnia-cactus-cactus-zinnia\/","og_locale":"en_US","og_type":"article","og_title":"Zinnia Cactus - Cactus Zinnia","og_description":"La zinnia cactus est une vari\u00e9t\u00e9 spectaculaire reconnue pour ses grandes fleurs doubles aux p\u00e9tales longs, torsad\u00e9s et l\u00e9g\u00e8rement recourb\u00e9s. Offerte dans une gamme de couleurs \u00e9clatantes, elle attire les pollinisateurs et fleurit abondamment tout l\u2019\u00e9t\u00e9. Excellente en massif, en pot et en fleurs coup\u00e9es. Remarque: Les plantes peuvent varier et ne pas correspondre exactement [&hellip;]","og_url":"https:\/\/www.mtlghouse.ca\/en\/product\/zinnia-cactus-cactus-zinnia\/","og_site_name":"Montreal Urban Greenhouse","article_modified_time":"2026-04-28T18:14:12+00:00","og_image":[{"width":770,"height":734,"url":"https:\/\/www.mtlghouse.ca\/wp-content\/uploads\/2026\/04\/CactusBrightJewelsMixZinnia.jpg","type":"image\/jpeg"}],"twitter_card":"summary_large_image","twitter_misc":{"Est. reading time":"1 minute"},"schema":{"@context":"https:\/\/schema.org","@graph":[{"@type":"WebPage","@id":"https:\/\/www.mtlghouse.ca\/en\/product\/zinnia-cactus-cactus-zinnia\/","url":"https:\/\/www.mtlghouse.ca\/en\/product\/zinnia-cactus-cactus-zinnia\/","name":"Zinnia Cactus - Cactus Zinnia - Montreal Urban Greenhouse","isPartOf":{"@id":"https:\/\/www.mtlghouse.ca\/en\/#website"},"primaryImageOfPage":{"@id":"https:\/\/www.mtlghouse.ca\/en\/product\/zinnia-cactus-cactus-zinnia\/#primaryimage"},"image":{"@id":"https:\/\/www.mtlghouse.ca\/en\/product\/zinnia-cactus-cactus-zinnia\/#primaryimage"},"thumbnailUrl":"https:\/\/www.mtlghouse.ca\/wp-content\/uploads\/2026\/04\/CactusBrightJewelsMixZinnia.jpg","datePublished":"2026-04-21T04:01:37+00:00","dateModified":"2026-04-28T18:14:12+00:00","breadcrumb":{"@id":"https:\/\/www.mtlghouse.ca\/en\/product\/zinnia-cactus-cactus-zinnia\/#breadcrumb"},"inLanguage":"en-US","potentialAction":[{"@type":"ReadAction","target":["https:\/\/www.mtlghouse.ca\/en\/product\/zinnia-cactus-cactus-zinnia\/"]}]},{"@type":"ImageObject","inLanguage":"en-US","@id":"https:\/\/www.mtlghouse.ca\/en\/product\/zinnia-cactus-cactus-zinnia\/#primaryimage","url":"https:\/\/www.mtlghouse.ca\/wp-content\/uploads\/2026\/04\/CactusBrightJewelsMixZinnia.jpg","contentUrl":"https:\/\/www.mtlghouse.ca\/wp-content\/uploads\/2026\/04\/CactusBrightJewelsMixZinnia.jpg","width":770,"height":734},{"@type":"BreadcrumbList","@id":"https:\/\/www.mtlghouse.ca\/en\/product\/zinnia-cactus-cactus-zinnia\/#breadcrumb","itemListElement":[{"@type":"ListItem","position":1,"name":"Home","item":"https:\/\/www.mtlghouse.ca\/en\/"},{"@type":"ListItem","position":2,"name":"Ce qu\u2019on offre","item":"https:\/\/www.mtlghouse.ca\/en\/products-order\/"},{"@type":"ListItem","position":3,"name":"Zinnia Cactus &#8211; Cactus Zinnia"}]},{"@type":"WebSite","@id":"https:\/\/www.mtlghouse.ca\/en\/#website","url":"https:\/\/www.mtlghouse.ca\/en\/","name":"Montreal Urban Greenhouse","description":"A hub for urban farming","potentialAction":[{"@type":"SearchAction","target":{"@type":"EntryPoint","urlTemplate":"https:\/\/www.mtlghouse.ca\/en\/?s={search_term_string}"},"query-input":{"@type":"PropertyValueSpecification","valueRequired":true,"valueName":"search_term_string"}}],"inLanguage":"en-US"}]}},"jetpack_sharing_enabled":true,"_links":{"self":[{"href":"https:\/\/www.mtlghouse.ca\/en\/wp-json\/wp\/v2\/product\/53043","targetHints":{"allow":["GET"]}}],"collection":[{"href":"https:\/\/www.mtlghouse.ca\/en\/wp-json\/wp\/v2\/product"}],"about":[{"href":"https:\/\/www.mtlghouse.ca\/en\/wp-json\/wp\/v2\/types\/product"}],"replies":[{"embeddable":true,"href":"https:\/\/www.mtlghouse.ca\/en\/wp-json\/wp\/v2\/comments?post=53043"}],"wp:featuredmedia":[{"embeddable":true,"href":"https:\/\/www.mtlghouse.ca\/en\/wp-json\/wp\/v2\/media\/53046"}],"wp:attachment":[{"href":"https:\/\/www.mtlghouse.ca\/en\/wp-json\/wp\/v2\/media?parent=53043"}],"wp:term":[{"taxonomy":"product_brand","embeddable":true,"href":"https:\/\/www.mtlghouse.ca\/en\/wp-json\/wp\/v2\/product_brand?post=53043"},{"taxonomy":"product_cat","embeddable":true,"href":"https:\/\/www.mtlghouse.ca\/en\/wp-json\/wp\/v2\/product_cat?post=53043"},{"taxonomy":"product_tag","embeddable":true,"href":"https:\/\/www.mtlghouse.ca\/en\/wp-json\/wp\/v2\/product_tag?post=53043"}],"curies":[{"name":"wp","href":"https:\/\/api.w.org\/{rel}","templated":true}]}}