{"id":52942,"date":"2026-04-17T16:17:48","date_gmt":"2026-04-17T20:17:48","guid":{"rendered":"https:\/\/www.mtlghouse.ca\/product\/fabric-grow-bag-planter-pot-de-culture-en-tissu\/"},"modified":"2026-05-01T11:18:01","modified_gmt":"2026-05-01T15:18:01","slug":"fabric-grow-bag-planter-pot-de-culture-en-tissu","status":"publish","type":"product","link":"https:\/\/www.mtlghouse.ca\/en\/product\/fabric-grow-bag-planter-pot-de-culture-en-tissu\/","title":{"rendered":"Pot de Culture en Tissu &#8211; Fabric Grow Bag Planter"},"content":{"rendered":"<p>Con\u00e7u pour la performance et la durabilit\u00e9, ce pot en tissu respirant offre un drainage et une a\u00e9ration sup\u00e9rieurs, favorisant des racines plus fortes et des plantes en pleine sant\u00e9. L\u00e9ger, r\u00e9utilisable et facile \u00e0 d\u00e9placer gr\u00e2ce \u00e0 ses poign\u00e9es solides, c\u2019est un choix fiable pour une croissance optimale.<\/p>\n<p><em>Les pots peuvent varier et ne pas correspondre \u00e0 la photo<\/em><\/p>\n<p>Built for performance and durability, this breathable fabric planter promotes superior drainage and airflow, helping roots grow stronger and plants thrive. Lightweight, reusable, and easy to move with sturdy handles, it\u2019s a reliable choice for healthier growth in any setting.<\/p>\n<p><em>Planters may vary and may not match the photo<\/em><\/p>\n<p>&nbsp;<\/p>\n","protected":false},"excerpt":{"rendered":"<p>This pot is delivered with soil ready for you to plant your Urban-greenhouse seedlings (sold separately)<\/p>\n<p>Capacity: 5 gallons<\/p>\n<p>&nbsp;<\/p>\n<p>&nbsp;<\/p>\n","protected":false},"featured_media":51734,"comment_status":"open","ping_status":"closed","template":"","meta":[],"product_brand":[],"product_cat":[96],"product_tag":[],"class_list":{"0":"post-52942","1":"product","2":"type-product","3":"status-publish","4":"has-post-thumbnail","6":"product_cat-planters","8":"first","9":"instock","10":"purchasable","11":"product-type-simple"},"yoast_head":"<!-- This site is optimized with the Yoast SEO Premium plugin v27.4 (Yoast SEO v27.4) - https:\/\/yoast.com\/product\/yoast-seo-premium-wordpress\/ -->\n<title>Pot de Culture en Tissu - Fabric Grow Bag Planter - Montreal Urban Greenhouse<\/title>\n<meta name=\"robots\" content=\"index, follow, max-snippet:-1, max-image-preview:large, max-video-preview:-1\" \/>\n<link rel=\"canonical\" href=\"https:\/\/www.mtlghouse.ca\/en\/product\/fabric-grow-bag-planter-pot-de-culture-en-tissu\/\" \/>\n<meta property=\"og:locale\" content=\"en_US\" \/>\n<meta property=\"og:type\" content=\"article\" \/>\n<meta property=\"og:title\" content=\"Pot de Culture en Tissu - Fabric Grow Bag Planter\" \/>\n<meta property=\"og:description\" content=\"This pot is delivered with soil ready for you to plant your Urban-greenhouse seedlings (sold separately)  Capacity: 5 gallons  &nbsp;  &nbsp;\" \/>\n<meta property=\"og:url\" content=\"https:\/\/www.mtlghouse.ca\/en\/product\/fabric-grow-bag-planter-pot-de-culture-en-tissu\/\" \/>\n<meta property=\"og:site_name\" content=\"Montreal Urban Greenhouse\" \/>\n<meta property=\"article:modified_time\" content=\"2026-05-01T15:18:01+00:00\" \/>\n<meta property=\"og:image\" content=\"https:\/\/www.mtlghouse.ca\/wp-content\/uploads\/2021\/05\/Pot-with-Plant-on-the-side-scaled.jpg\" \/>\n\t<meta property=\"og:image:width\" content=\"2101\" \/>\n\t<meta property=\"og:image:height\" content=\"2560\" \/>\n\t<meta property=\"og:image:type\" content=\"image\/jpeg\" \/>\n<meta name=\"twitter:card\" content=\"summary_large_image\" \/>\n<meta name=\"twitter:label1\" content=\"Est. reading time\" \/>\n\t<meta name=\"twitter:data1\" content=\"1 minute\" \/>\n<script type=\"application\/ld+json\" class=\"yoast-schema-graph\">{\"@context\":\"https:\\\/\\\/schema.org\",\"@graph\":[{\"@type\":\"WebPage\",\"@id\":\"https:\\\/\\\/www.mtlghouse.ca\\\/en\\\/product\\\/fabric-grow-bag-planter-pot-de-culture-en-tissu\\\/\",\"url\":\"https:\\\/\\\/www.mtlghouse.ca\\\/en\\\/product\\\/fabric-grow-bag-planter-pot-de-culture-en-tissu\\\/\",\"name\":\"Pot de Culture en Tissu - Fabric Grow Bag Planter - Montreal Urban Greenhouse\",\"isPartOf\":{\"@id\":\"https:\\\/\\\/www.mtlghouse.ca\\\/en\\\/#website\"},\"primaryImageOfPage\":{\"@id\":\"https:\\\/\\\/www.mtlghouse.ca\\\/en\\\/product\\\/fabric-grow-bag-planter-pot-de-culture-en-tissu\\\/#primaryimage\"},\"image\":{\"@id\":\"https:\\\/\\\/www.mtlghouse.ca\\\/en\\\/product\\\/fabric-grow-bag-planter-pot-de-culture-en-tissu\\\/#primaryimage\"},\"thumbnailUrl\":\"https:\\\/\\\/www.mtlghouse.ca\\\/wp-content\\\/uploads\\\/2021\\\/05\\\/Pot-with-Plant-on-the-side-scaled.jpg\",\"datePublished\":\"2026-04-17T20:17:48+00:00\",\"dateModified\":\"2026-05-01T15:18:01+00:00\",\"breadcrumb\":{\"@id\":\"https:\\\/\\\/www.mtlghouse.ca\\\/en\\\/product\\\/fabric-grow-bag-planter-pot-de-culture-en-tissu\\\/#breadcrumb\"},\"inLanguage\":\"en-US\",\"potentialAction\":[{\"@type\":\"ReadAction\",\"target\":[\"https:\\\/\\\/www.mtlghouse.ca\\\/en\\\/product\\\/fabric-grow-bag-planter-pot-de-culture-en-tissu\\\/\"]}]},{\"@type\":\"ImageObject\",\"inLanguage\":\"en-US\",\"@id\":\"https:\\\/\\\/www.mtlghouse.ca\\\/en\\\/product\\\/fabric-grow-bag-planter-pot-de-culture-en-tissu\\\/#primaryimage\",\"url\":\"https:\\\/\\\/www.mtlghouse.ca\\\/wp-content\\\/uploads\\\/2021\\\/05\\\/Pot-with-Plant-on-the-side-scaled.jpg\",\"contentUrl\":\"https:\\\/\\\/www.mtlghouse.ca\\\/wp-content\\\/uploads\\\/2021\\\/05\\\/Pot-with-Plant-on-the-side-scaled.jpg\",\"width\":2101,\"height\":2560,\"caption\":\"Pot with Soil\"},{\"@type\":\"BreadcrumbList\",\"@id\":\"https:\\\/\\\/www.mtlghouse.ca\\\/en\\\/product\\\/fabric-grow-bag-planter-pot-de-culture-en-tissu\\\/#breadcrumb\",\"itemListElement\":[{\"@type\":\"ListItem\",\"position\":1,\"name\":\"Home\",\"item\":\"https:\\\/\\\/www.mtlghouse.ca\\\/en\\\/\"},{\"@type\":\"ListItem\",\"position\":2,\"name\":\"Ce qu\u2019on offre\",\"item\":\"https:\\\/\\\/www.mtlghouse.ca\\\/en\\\/products-order\\\/\"},{\"@type\":\"ListItem\",\"position\":3,\"name\":\"Pot de Culture en Tissu &#8211; Fabric Grow Bag Planter\"}]},{\"@type\":\"WebSite\",\"@id\":\"https:\\\/\\\/www.mtlghouse.ca\\\/en\\\/#website\",\"url\":\"https:\\\/\\\/www.mtlghouse.ca\\\/en\\\/\",\"name\":\"Montreal Urban Greenhouse\",\"description\":\"A hub for urban farming\",\"potentialAction\":[{\"@type\":\"SearchAction\",\"target\":{\"@type\":\"EntryPoint\",\"urlTemplate\":\"https:\\\/\\\/www.mtlghouse.ca\\\/en\\\/?s={search_term_string}\"},\"query-input\":{\"@type\":\"PropertyValueSpecification\",\"valueRequired\":true,\"valueName\":\"search_term_string\"}}],\"inLanguage\":\"en-US\"}]}<\/script>\n<!-- \/ Yoast SEO Premium plugin. -->","yoast_head_json":{"title":"Pot de Culture en Tissu - Fabric Grow Bag Planter - Montreal Urban Greenhouse","robots":{"index":"index","follow":"follow","max-snippet":"max-snippet:-1","max-image-preview":"max-image-preview:large","max-video-preview":"max-video-preview:-1"},"canonical":"https:\/\/www.mtlghouse.ca\/en\/product\/fabric-grow-bag-planter-pot-de-culture-en-tissu\/","og_locale":"en_US","og_type":"article","og_title":"Pot de Culture en Tissu - Fabric Grow Bag Planter","og_description":"This pot is delivered with soil ready for you to plant your Urban-greenhouse seedlings (sold separately)  Capacity: 5 gallons  &nbsp;  &nbsp;","og_url":"https:\/\/www.mtlghouse.ca\/en\/product\/fabric-grow-bag-planter-pot-de-culture-en-tissu\/","og_site_name":"Montreal Urban Greenhouse","article_modified_time":"2026-05-01T15:18:01+00:00","og_image":[{"width":2101,"height":2560,"url":"https:\/\/www.mtlghouse.ca\/wp-content\/uploads\/2021\/05\/Pot-with-Plant-on-the-side-scaled.jpg","type":"image\/jpeg"}],"twitter_card":"summary_large_image","twitter_misc":{"Est. reading time":"1 minute"},"schema":{"@context":"https:\/\/schema.org","@graph":[{"@type":"WebPage","@id":"https:\/\/www.mtlghouse.ca\/en\/product\/fabric-grow-bag-planter-pot-de-culture-en-tissu\/","url":"https:\/\/www.mtlghouse.ca\/en\/product\/fabric-grow-bag-planter-pot-de-culture-en-tissu\/","name":"Pot de Culture en Tissu - Fabric Grow Bag Planter - Montreal Urban Greenhouse","isPartOf":{"@id":"https:\/\/www.mtlghouse.ca\/en\/#website"},"primaryImageOfPage":{"@id":"https:\/\/www.mtlghouse.ca\/en\/product\/fabric-grow-bag-planter-pot-de-culture-en-tissu\/#primaryimage"},"image":{"@id":"https:\/\/www.mtlghouse.ca\/en\/product\/fabric-grow-bag-planter-pot-de-culture-en-tissu\/#primaryimage"},"thumbnailUrl":"https:\/\/www.mtlghouse.ca\/wp-content\/uploads\/2021\/05\/Pot-with-Plant-on-the-side-scaled.jpg","datePublished":"2026-04-17T20:17:48+00:00","dateModified":"2026-05-01T15:18:01+00:00","breadcrumb":{"@id":"https:\/\/www.mtlghouse.ca\/en\/product\/fabric-grow-bag-planter-pot-de-culture-en-tissu\/#breadcrumb"},"inLanguage":"en-US","potentialAction":[{"@type":"ReadAction","target":["https:\/\/www.mtlghouse.ca\/en\/product\/fabric-grow-bag-planter-pot-de-culture-en-tissu\/"]}]},{"@type":"ImageObject","inLanguage":"en-US","@id":"https:\/\/www.mtlghouse.ca\/en\/product\/fabric-grow-bag-planter-pot-de-culture-en-tissu\/#primaryimage","url":"https:\/\/www.mtlghouse.ca\/wp-content\/uploads\/2021\/05\/Pot-with-Plant-on-the-side-scaled.jpg","contentUrl":"https:\/\/www.mtlghouse.ca\/wp-content\/uploads\/2021\/05\/Pot-with-Plant-on-the-side-scaled.jpg","width":2101,"height":2560,"caption":"Pot with Soil"},{"@type":"BreadcrumbList","@id":"https:\/\/www.mtlghouse.ca\/en\/product\/fabric-grow-bag-planter-pot-de-culture-en-tissu\/#breadcrumb","itemListElement":[{"@type":"ListItem","position":1,"name":"Home","item":"https:\/\/www.mtlghouse.ca\/en\/"},{"@type":"ListItem","position":2,"name":"Ce qu\u2019on offre","item":"https:\/\/www.mtlghouse.ca\/en\/products-order\/"},{"@type":"ListItem","position":3,"name":"Pot de Culture en Tissu &#8211; Fabric Grow Bag Planter"}]},{"@type":"WebSite","@id":"https:\/\/www.mtlghouse.ca\/en\/#website","url":"https:\/\/www.mtlghouse.ca\/en\/","name":"Montreal Urban Greenhouse","description":"A hub for urban farming","potentialAction":[{"@type":"SearchAction","target":{"@type":"EntryPoint","urlTemplate":"https:\/\/www.mtlghouse.ca\/en\/?s={search_term_string}"},"query-input":{"@type":"PropertyValueSpecification","valueRequired":true,"valueName":"search_term_string"}}],"inLanguage":"en-US"}]}},"jetpack_sharing_enabled":true,"_links":{"self":[{"href":"https:\/\/www.mtlghouse.ca\/en\/wp-json\/wp\/v2\/product\/52942","targetHints":{"allow":["GET"]}}],"collection":[{"href":"https:\/\/www.mtlghouse.ca\/en\/wp-json\/wp\/v2\/product"}],"about":[{"href":"https:\/\/www.mtlghouse.ca\/en\/wp-json\/wp\/v2\/types\/product"}],"replies":[{"embeddable":true,"href":"https:\/\/www.mtlghouse.ca\/en\/wp-json\/wp\/v2\/comments?post=52942"}],"wp:featuredmedia":[{"embeddable":true,"href":"https:\/\/www.mtlghouse.ca\/en\/wp-json\/wp\/v2\/media\/51734"}],"wp:attachment":[{"href":"https:\/\/www.mtlghouse.ca\/en\/wp-json\/wp\/v2\/media?parent=52942"}],"wp:term":[{"taxonomy":"product_brand","embeddable":true,"href":"https:\/\/www.mtlghouse.ca\/en\/wp-json\/wp\/v2\/product_brand?post=52942"},{"taxonomy":"product_cat","embeddable":true,"href":"https:\/\/www.mtlghouse.ca\/en\/wp-json\/wp\/v2\/product_cat?post=52942"},{"taxonomy":"product_tag","embeddable":true,"href":"https:\/\/www.mtlghouse.ca\/en\/wp-json\/wp\/v2\/product_tag?post=52942"}],"curies":[{"name":"wp","href":"https:\/\/api.w.org\/{rel}","templated":true}]}}