{"id":52933,"date":"2026-04-17T16:18:00","date_gmt":"2026-04-17T20:18:00","guid":{"rendered":"https:\/\/www.mtlghouse.ca\/product\/organic-soil-112-liters\/"},"modified":"2026-04-28T14:17:38","modified_gmt":"2026-04-28T18:17:38","slug":"organic-soil-112-liters","status":"publish","type":"product","link":"https:\/\/www.mtlghouse.ca\/en\/product\/organic-soil-112-liters\/","title":{"rendered":"Terreau Biologique Premium de PRO-MIX"},"content":{"rendered":"<p data-start=\"14\" data-end=\"319\">Le m\u00e9lange biologique haut de gamme pour l\u00e9gumes et fines herbes <span class=\"hover:entity-accent entity-underline inline cursor-pointer align-baseline\"><span class=\"whitespace-normal\">PRO-MIX<\/span><\/span> est parfait pour cultiver l\u00e9gumes, fruits et herbes, \u00e0 l\u2019int\u00e9rieur comme \u00e0 l\u2019ext\u00e9rieur. Id\u00e9al pour les plantations en pleine terre ou en contenants, il est homologu\u00e9 OMRI pour le jardinage biologique.<\/p>\n<p data-start=\"321\" data-end=\"640\">Enrichi d\u2019un engrais naturel \u00e0 lib\u00e9ration graduelle, il nourrit les plantes jusqu\u2019\u00e0 trois mois afin de favoriser une croissance soutenue et vigoureuse. Sa formule avec mycorhizes aide au d\u00e9veloppement de racines fortes et saines, am\u00e9liore la tol\u00e9rance au stress et favorise des plants plus gros et en meilleure sant\u00e9.<\/p>\n<ul data-start=\"642\" data-end=\"856\">\n<li data-section-id=\"wyo5pt\" data-start=\"642\" data-end=\"688\">Id\u00e9al pour contenants, jardins et potagers<\/li>\n<li data-section-id=\"xctr2d\" data-start=\"689\" data-end=\"736\">Formul\u00e9 avec des ingr\u00e9dients 100 % naturels<\/li>\n<li data-section-id=\"zsfhzy\" data-start=\"737\" data-end=\"754\">Certifi\u00e9 OMRI<\/li>\n<li data-section-id=\"1rgvr4d\" data-start=\"755\" data-end=\"808\">Contient des mycorhizes pour des racines robustes<\/li>\n<li data-section-id=\"o34k4p\" data-start=\"809\" data-end=\"856\">Excellent rendement, s\u2019expand jusqu\u2019\u00e0 112 L<\/li>\n<\/ul>\n<p>&nbsp;<\/p>\n<p data-start=\"878\" data-end=\"1129\"><span class=\"hover:entity-accent entity-underline inline cursor-pointer align-baseline\"><span class=\"whitespace-normal\">PRO-MIX<\/span><\/span> Premium Organic Vegetable and Herb Mix is specially crafted for growing vegetables, fruits, and herbs indoors or outdoors. Ideal for in-ground gardens and containers, it is OMRI-listed for organic gardening use.<\/p>\n<p data-start=\"1131\" data-end=\"1398\">Enhanced with a slow-release organic fertilizer, it feeds plants for up to three months to support strong, steady growth. Its mycorrhizae-enriched formula encourages healthier root development, improves stress resistance, and helps produce larger, healthier plants.<\/p>\n<ul data-start=\"1400\" data-end=\"1599\" data-is-last-node=\"\" data-is-only-node=\"\">\n<li data-section-id=\"12ggte7\" data-start=\"1400\" data-end=\"1452\">Perfect for containers, gardens, and raised beds<\/li>\n<li data-section-id=\"131sl0\" data-start=\"1453\" data-end=\"1491\">Made with 100% natural ingredients<\/li>\n<li data-section-id=\"ft9lna\" data-start=\"1492\" data-end=\"1510\">OMRI certified<\/li>\n<li data-section-id=\"abzy0j\" data-start=\"1511\" data-end=\"1558\">Contains mycorrhizae for strong root growth<\/li>\n<li data-section-id=\"1r8bdsa\" data-start=\"1559\" data-end=\"1599\" data-is-last-node=\"\">Expands to 112 L for outstanding value<\/li>\n<\/ul>\n","protected":false},"excerpt":{"rendered":"<p>Le m\u00e9lange biologique haut de gamme pour l\u00e9gumes et fines herbes PRO-MIX est parfait pour cultiver l\u00e9gumes, fruits et herbes, \u00e0 l\u2019int\u00e9rieur comme \u00e0 l\u2019ext\u00e9rieur. Id\u00e9al pour les plantations en pleine terre ou en contenants, il est homologu\u00e9 OMRI pour le jardinage biologique. Enrichi d\u2019un engrais naturel \u00e0 lib\u00e9ration graduelle, il nourrit les plantes jusqu\u2019\u00e0 [&hellip;]<\/p>\n","protected":false},"featured_media":52106,"comment_status":"open","ping_status":"closed","template":"","meta":[],"product_brand":[],"product_cat":[106],"product_tag":[],"class_list":{"0":"post-52933","1":"product","2":"type-product","3":"status-publish","4":"has-post-thumbnail","6":"product_cat-soil-and-compost","8":"first","9":"instock","10":"purchasable","11":"product-type-simple"},"yoast_head":"<!-- This site is optimized with the Yoast SEO Premium plugin v27.4 (Yoast SEO v27.4) - https:\/\/yoast.com\/product\/yoast-seo-premium-wordpress\/ -->\n<title>Terreau Biologique Premium de PRO-MIX - Montreal Urban Greenhouse<\/title>\n<meta name=\"robots\" content=\"index, follow, max-snippet:-1, max-image-preview:large, max-video-preview:-1\" \/>\n<link rel=\"canonical\" href=\"https:\/\/www.mtlghouse.ca\/en\/product\/organic-soil-112-liters\/\" \/>\n<meta property=\"og:locale\" content=\"en_US\" \/>\n<meta property=\"og:type\" content=\"article\" \/>\n<meta property=\"og:title\" content=\"Terreau Biologique Premium de PRO-MIX\" \/>\n<meta property=\"og:description\" content=\"Le m\u00e9lange biologique haut de gamme pour l\u00e9gumes et fines herbes PRO-MIX est parfait pour cultiver l\u00e9gumes, fruits et herbes, \u00e0 l\u2019int\u00e9rieur comme \u00e0 l\u2019ext\u00e9rieur. Id\u00e9al pour les plantations en pleine terre ou en contenants, il est homologu\u00e9 OMRI pour le jardinage biologique. Enrichi d\u2019un engrais naturel \u00e0 lib\u00e9ration graduelle, il nourrit les plantes jusqu\u2019\u00e0 [&hellip;]\" \/>\n<meta property=\"og:url\" content=\"https:\/\/www.mtlghouse.ca\/en\/product\/organic-soil-112-liters\/\" \/>\n<meta property=\"og:site_name\" content=\"Montreal Urban Greenhouse\" \/>\n<meta property=\"article:modified_time\" content=\"2026-04-28T18:17:38+00:00\" \/>\n<meta property=\"og:image\" content=\"https:\/\/www.mtlghouse.ca\/wp-content\/uploads\/2023\/04\/953499_10552462_001.jpg\" \/>\n\t<meta property=\"og:image:width\" content=\"900\" \/>\n\t<meta property=\"og:image:height\" content=\"900\" \/>\n\t<meta property=\"og:image:type\" content=\"image\/jpeg\" \/>\n<meta name=\"twitter:card\" content=\"summary_large_image\" \/>\n<meta name=\"twitter:label1\" content=\"Est. reading time\" \/>\n\t<meta name=\"twitter:data1\" content=\"2 minutes\" \/>\n<script type=\"application\/ld+json\" class=\"yoast-schema-graph\">{\"@context\":\"https:\\\/\\\/schema.org\",\"@graph\":[{\"@type\":\"WebPage\",\"@id\":\"https:\\\/\\\/www.mtlghouse.ca\\\/en\\\/product\\\/organic-soil-112-liters\\\/\",\"url\":\"https:\\\/\\\/www.mtlghouse.ca\\\/en\\\/product\\\/organic-soil-112-liters\\\/\",\"name\":\"Terreau Biologique Premium de PRO-MIX - Montreal Urban Greenhouse\",\"isPartOf\":{\"@id\":\"https:\\\/\\\/www.mtlghouse.ca\\\/en\\\/#website\"},\"primaryImageOfPage\":{\"@id\":\"https:\\\/\\\/www.mtlghouse.ca\\\/en\\\/product\\\/organic-soil-112-liters\\\/#primaryimage\"},\"image\":{\"@id\":\"https:\\\/\\\/www.mtlghouse.ca\\\/en\\\/product\\\/organic-soil-112-liters\\\/#primaryimage\"},\"thumbnailUrl\":\"https:\\\/\\\/www.mtlghouse.ca\\\/wp-content\\\/uploads\\\/2023\\\/04\\\/953499_10552462_001.jpg\",\"datePublished\":\"2026-04-17T20:18:00+00:00\",\"dateModified\":\"2026-04-28T18:17:38+00:00\",\"breadcrumb\":{\"@id\":\"https:\\\/\\\/www.mtlghouse.ca\\\/en\\\/product\\\/organic-soil-112-liters\\\/#breadcrumb\"},\"inLanguage\":\"en-US\",\"potentialAction\":[{\"@type\":\"ReadAction\",\"target\":[\"https:\\\/\\\/www.mtlghouse.ca\\\/en\\\/product\\\/organic-soil-112-liters\\\/\"]}]},{\"@type\":\"ImageObject\",\"inLanguage\":\"en-US\",\"@id\":\"https:\\\/\\\/www.mtlghouse.ca\\\/en\\\/product\\\/organic-soil-112-liters\\\/#primaryimage\",\"url\":\"https:\\\/\\\/www.mtlghouse.ca\\\/wp-content\\\/uploads\\\/2023\\\/04\\\/953499_10552462_001.jpg\",\"contentUrl\":\"https:\\\/\\\/www.mtlghouse.ca\\\/wp-content\\\/uploads\\\/2023\\\/04\\\/953499_10552462_001.jpg\",\"width\":900,\"height\":900},{\"@type\":\"BreadcrumbList\",\"@id\":\"https:\\\/\\\/www.mtlghouse.ca\\\/en\\\/product\\\/organic-soil-112-liters\\\/#breadcrumb\",\"itemListElement\":[{\"@type\":\"ListItem\",\"position\":1,\"name\":\"Home\",\"item\":\"https:\\\/\\\/www.mtlghouse.ca\\\/en\\\/\"},{\"@type\":\"ListItem\",\"position\":2,\"name\":\"Ce qu\u2019on offre\",\"item\":\"https:\\\/\\\/www.mtlghouse.ca\\\/en\\\/products-order\\\/\"},{\"@type\":\"ListItem\",\"position\":3,\"name\":\"Terreau Biologique Premium de PRO-MIX\"}]},{\"@type\":\"WebSite\",\"@id\":\"https:\\\/\\\/www.mtlghouse.ca\\\/en\\\/#website\",\"url\":\"https:\\\/\\\/www.mtlghouse.ca\\\/en\\\/\",\"name\":\"Montreal Urban Greenhouse\",\"description\":\"A hub for urban farming\",\"potentialAction\":[{\"@type\":\"SearchAction\",\"target\":{\"@type\":\"EntryPoint\",\"urlTemplate\":\"https:\\\/\\\/www.mtlghouse.ca\\\/en\\\/?s={search_term_string}\"},\"query-input\":{\"@type\":\"PropertyValueSpecification\",\"valueRequired\":true,\"valueName\":\"search_term_string\"}}],\"inLanguage\":\"en-US\"}]}<\/script>\n<!-- \/ Yoast SEO Premium plugin. -->","yoast_head_json":{"title":"Terreau Biologique Premium de PRO-MIX - Montreal Urban Greenhouse","robots":{"index":"index","follow":"follow","max-snippet":"max-snippet:-1","max-image-preview":"max-image-preview:large","max-video-preview":"max-video-preview:-1"},"canonical":"https:\/\/www.mtlghouse.ca\/en\/product\/organic-soil-112-liters\/","og_locale":"en_US","og_type":"article","og_title":"Terreau Biologique Premium de PRO-MIX","og_description":"Le m\u00e9lange biologique haut de gamme pour l\u00e9gumes et fines herbes PRO-MIX est parfait pour cultiver l\u00e9gumes, fruits et herbes, \u00e0 l\u2019int\u00e9rieur comme \u00e0 l\u2019ext\u00e9rieur. Id\u00e9al pour les plantations en pleine terre ou en contenants, il est homologu\u00e9 OMRI pour le jardinage biologique. Enrichi d\u2019un engrais naturel \u00e0 lib\u00e9ration graduelle, il nourrit les plantes jusqu\u2019\u00e0 [&hellip;]","og_url":"https:\/\/www.mtlghouse.ca\/en\/product\/organic-soil-112-liters\/","og_site_name":"Montreal Urban Greenhouse","article_modified_time":"2026-04-28T18:17:38+00:00","og_image":[{"width":900,"height":900,"url":"https:\/\/www.mtlghouse.ca\/wp-content\/uploads\/2023\/04\/953499_10552462_001.jpg","type":"image\/jpeg"}],"twitter_card":"summary_large_image","twitter_misc":{"Est. reading time":"2 minutes"},"schema":{"@context":"https:\/\/schema.org","@graph":[{"@type":"WebPage","@id":"https:\/\/www.mtlghouse.ca\/en\/product\/organic-soil-112-liters\/","url":"https:\/\/www.mtlghouse.ca\/en\/product\/organic-soil-112-liters\/","name":"Terreau Biologique Premium de PRO-MIX - Montreal Urban Greenhouse","isPartOf":{"@id":"https:\/\/www.mtlghouse.ca\/en\/#website"},"primaryImageOfPage":{"@id":"https:\/\/www.mtlghouse.ca\/en\/product\/organic-soil-112-liters\/#primaryimage"},"image":{"@id":"https:\/\/www.mtlghouse.ca\/en\/product\/organic-soil-112-liters\/#primaryimage"},"thumbnailUrl":"https:\/\/www.mtlghouse.ca\/wp-content\/uploads\/2023\/04\/953499_10552462_001.jpg","datePublished":"2026-04-17T20:18:00+00:00","dateModified":"2026-04-28T18:17:38+00:00","breadcrumb":{"@id":"https:\/\/www.mtlghouse.ca\/en\/product\/organic-soil-112-liters\/#breadcrumb"},"inLanguage":"en-US","potentialAction":[{"@type":"ReadAction","target":["https:\/\/www.mtlghouse.ca\/en\/product\/organic-soil-112-liters\/"]}]},{"@type":"ImageObject","inLanguage":"en-US","@id":"https:\/\/www.mtlghouse.ca\/en\/product\/organic-soil-112-liters\/#primaryimage","url":"https:\/\/www.mtlghouse.ca\/wp-content\/uploads\/2023\/04\/953499_10552462_001.jpg","contentUrl":"https:\/\/www.mtlghouse.ca\/wp-content\/uploads\/2023\/04\/953499_10552462_001.jpg","width":900,"height":900},{"@type":"BreadcrumbList","@id":"https:\/\/www.mtlghouse.ca\/en\/product\/organic-soil-112-liters\/#breadcrumb","itemListElement":[{"@type":"ListItem","position":1,"name":"Home","item":"https:\/\/www.mtlghouse.ca\/en\/"},{"@type":"ListItem","position":2,"name":"Ce qu\u2019on offre","item":"https:\/\/www.mtlghouse.ca\/en\/products-order\/"},{"@type":"ListItem","position":3,"name":"Terreau Biologique Premium de PRO-MIX"}]},{"@type":"WebSite","@id":"https:\/\/www.mtlghouse.ca\/en\/#website","url":"https:\/\/www.mtlghouse.ca\/en\/","name":"Montreal Urban Greenhouse","description":"A hub for urban farming","potentialAction":[{"@type":"SearchAction","target":{"@type":"EntryPoint","urlTemplate":"https:\/\/www.mtlghouse.ca\/en\/?s={search_term_string}"},"query-input":{"@type":"PropertyValueSpecification","valueRequired":true,"valueName":"search_term_string"}}],"inLanguage":"en-US"}]}},"jetpack_sharing_enabled":true,"_links":{"self":[{"href":"https:\/\/www.mtlghouse.ca\/en\/wp-json\/wp\/v2\/product\/52933","targetHints":{"allow":["GET"]}}],"collection":[{"href":"https:\/\/www.mtlghouse.ca\/en\/wp-json\/wp\/v2\/product"}],"about":[{"href":"https:\/\/www.mtlghouse.ca\/en\/wp-json\/wp\/v2\/types\/product"}],"replies":[{"embeddable":true,"href":"https:\/\/www.mtlghouse.ca\/en\/wp-json\/wp\/v2\/comments?post=52933"}],"wp:featuredmedia":[{"embeddable":true,"href":"https:\/\/www.mtlghouse.ca\/en\/wp-json\/wp\/v2\/media\/52106"}],"wp:attachment":[{"href":"https:\/\/www.mtlghouse.ca\/en\/wp-json\/wp\/v2\/media?parent=52933"}],"wp:term":[{"taxonomy":"product_brand","embeddable":true,"href":"https:\/\/www.mtlghouse.ca\/en\/wp-json\/wp\/v2\/product_brand?post=52933"},{"taxonomy":"product_cat","embeddable":true,"href":"https:\/\/www.mtlghouse.ca\/en\/wp-json\/wp\/v2\/product_cat?post=52933"},{"taxonomy":"product_tag","embeddable":true,"href":"https:\/\/www.mtlghouse.ca\/en\/wp-json\/wp\/v2\/product_tag?post=52933"}],"curies":[{"name":"wp","href":"https:\/\/api.w.org\/{rel}","templated":true}]}}