{"id":52928,"date":"2026-04-17T16:18:24","date_gmt":"2026-04-17T20:18:24","guid":{"rendered":"https:\/\/www.mtlghouse.ca\/product\/organic-soil\/"},"modified":"2026-04-28T14:17:31","modified_gmt":"2026-04-28T18:17:31","slug":"organic-soil","status":"publish","type":"product","link":"https:\/\/www.mtlghouse.ca\/en\/product\/organic-soil\/","title":{"rendered":"Terreau Biologique &#8211; Organic Soil"},"content":{"rendered":"<p data-start=\"0\" data-end=\"337\">Approuv\u00e9 pour le jardinage biologique, le m\u00e9lange pour contenants <span class=\"hover:entity-accent entity-underline inline cursor-pointer align-baseline\"><span class=\"whitespace-normal\">URBAN GARDEN<\/span><\/span> est sp\u00e9cialement con\u00e7u pour la culture de l\u00e9gumes et de fines herbes en contenants ext\u00e9rieurs. Ce terreau \u00e0 base de tourbe de sphaigne est enrichi de fibres de coco, de compost et d\u2019engrais naturel pour des r\u00e9sultats exceptionnels.<\/p>\n<p data-start=\"339\" data-end=\"357\" data-is-last-node=\"\" data-is-only-node=\"\">NPK 0,11-0,07-0,06<\/p>\n<p>Approved for organic gardening, the URBAN GARDEN Container Mix is specially designed for growing vegetables and herbs in outdoor containers. This sphagnum peat moss based soil mix is enriched with coconut husk fibre, compost and natural fertilizer for exceptional results.<\/p>\n<p>NPK\u00a00.11-0.07-0.06<\/p>\n","protected":false},"excerpt":{"rendered":"<p>Approuv\u00e9 pour le jardinage biologique, le m\u00e9lange pour contenants URBAN GARDEN est sp\u00e9cialement con\u00e7u pour la culture de l\u00e9gumes et de fines herbes en contenants ext\u00e9rieurs. Ce terreau \u00e0 base de tourbe de sphaigne est enrichi de fibres de coco, de compost et d\u2019engrais naturel pour des r\u00e9sultats exceptionnels. NPK 0,11-0,07-0,06 Approved for organic gardening, [&hellip;]<\/p>\n","protected":false},"featured_media":51977,"comment_status":"open","ping_status":"closed","template":"","meta":[],"product_brand":[],"product_cat":[106],"product_tag":[],"class_list":{"0":"post-52928","1":"product","2":"type-product","3":"status-publish","4":"has-post-thumbnail","6":"product_cat-soil-and-compost","8":"first","9":"instock","10":"purchasable","11":"product-type-simple"},"yoast_head":"<!-- This site is optimized with the Yoast SEO Premium plugin v27.4 (Yoast SEO v27.4) - https:\/\/yoast.com\/product\/yoast-seo-premium-wordpress\/ -->\n<title>Terreau Biologique - Organic Soil - Montreal Urban Greenhouse<\/title>\n<meta name=\"robots\" content=\"index, follow, max-snippet:-1, max-image-preview:large, max-video-preview:-1\" \/>\n<link rel=\"canonical\" href=\"https:\/\/www.mtlghouse.ca\/en\/product\/organic-soil\/\" \/>\n<meta property=\"og:locale\" content=\"en_US\" \/>\n<meta property=\"og:type\" content=\"article\" \/>\n<meta property=\"og:title\" content=\"Terreau Biologique - Organic Soil\" \/>\n<meta property=\"og:description\" content=\"Approuv\u00e9 pour le jardinage biologique, le m\u00e9lange pour contenants URBAN GARDEN est sp\u00e9cialement con\u00e7u pour la culture de l\u00e9gumes et de fines herbes en contenants ext\u00e9rieurs. Ce terreau \u00e0 base de tourbe de sphaigne est enrichi de fibres de coco, de compost et d\u2019engrais naturel pour des r\u00e9sultats exceptionnels. NPK 0,11-0,07-0,06 Approved for organic gardening, [&hellip;]\" \/>\n<meta property=\"og:url\" content=\"https:\/\/www.mtlghouse.ca\/en\/product\/organic-soil\/\" \/>\n<meta property=\"og:site_name\" content=\"Montreal Urban Greenhouse\" \/>\n<meta property=\"article:modified_time\" content=\"2026-04-28T18:17:31+00:00\" \/>\n<meta property=\"og:image\" content=\"https:\/\/www.mtlghouse.ca\/wp-content\/uploads\/2021\/04\/URBTFA30H-terreau-urbain_3D-2.png\" \/>\n\t<meta property=\"og:image:width\" content=\"500\" \/>\n\t<meta property=\"og:image:height\" content=\"500\" \/>\n\t<meta property=\"og:image:type\" content=\"image\/png\" \/>\n<meta name=\"twitter:card\" content=\"summary_large_image\" \/>\n<meta name=\"twitter:label1\" content=\"Est. reading time\" \/>\n\t<meta name=\"twitter:data1\" content=\"1 minute\" \/>\n<script type=\"application\/ld+json\" class=\"yoast-schema-graph\">{\"@context\":\"https:\\\/\\\/schema.org\",\"@graph\":[{\"@type\":\"WebPage\",\"@id\":\"https:\\\/\\\/www.mtlghouse.ca\\\/en\\\/product\\\/organic-soil\\\/\",\"url\":\"https:\\\/\\\/www.mtlghouse.ca\\\/en\\\/product\\\/organic-soil\\\/\",\"name\":\"Terreau Biologique - Organic Soil - Montreal Urban Greenhouse\",\"isPartOf\":{\"@id\":\"https:\\\/\\\/www.mtlghouse.ca\\\/en\\\/#website\"},\"primaryImageOfPage\":{\"@id\":\"https:\\\/\\\/www.mtlghouse.ca\\\/en\\\/product\\\/organic-soil\\\/#primaryimage\"},\"image\":{\"@id\":\"https:\\\/\\\/www.mtlghouse.ca\\\/en\\\/product\\\/organic-soil\\\/#primaryimage\"},\"thumbnailUrl\":\"https:\\\/\\\/www.mtlghouse.ca\\\/wp-content\\\/uploads\\\/2021\\\/04\\\/URBTFA30H-terreau-urbain_3D-2.png\",\"datePublished\":\"2026-04-17T20:18:24+00:00\",\"dateModified\":\"2026-04-28T18:17:31+00:00\",\"breadcrumb\":{\"@id\":\"https:\\\/\\\/www.mtlghouse.ca\\\/en\\\/product\\\/organic-soil\\\/#breadcrumb\"},\"inLanguage\":\"en-US\",\"potentialAction\":[{\"@type\":\"ReadAction\",\"target\":[\"https:\\\/\\\/www.mtlghouse.ca\\\/en\\\/product\\\/organic-soil\\\/\"]}]},{\"@type\":\"ImageObject\",\"inLanguage\":\"en-US\",\"@id\":\"https:\\\/\\\/www.mtlghouse.ca\\\/en\\\/product\\\/organic-soil\\\/#primaryimage\",\"url\":\"https:\\\/\\\/www.mtlghouse.ca\\\/wp-content\\\/uploads\\\/2021\\\/04\\\/URBTFA30H-terreau-urbain_3D-2.png\",\"contentUrl\":\"https:\\\/\\\/www.mtlghouse.ca\\\/wp-content\\\/uploads\\\/2021\\\/04\\\/URBTFA30H-terreau-urbain_3D-2.png\",\"width\":500,\"height\":500},{\"@type\":\"BreadcrumbList\",\"@id\":\"https:\\\/\\\/www.mtlghouse.ca\\\/en\\\/product\\\/organic-soil\\\/#breadcrumb\",\"itemListElement\":[{\"@type\":\"ListItem\",\"position\":1,\"name\":\"Home\",\"item\":\"https:\\\/\\\/www.mtlghouse.ca\\\/en\\\/\"},{\"@type\":\"ListItem\",\"position\":2,\"name\":\"Ce qu\u2019on offre\",\"item\":\"https:\\\/\\\/www.mtlghouse.ca\\\/en\\\/products-order\\\/\"},{\"@type\":\"ListItem\",\"position\":3,\"name\":\"Terreau Biologique &#8211; Organic Soil\"}]},{\"@type\":\"WebSite\",\"@id\":\"https:\\\/\\\/www.mtlghouse.ca\\\/en\\\/#website\",\"url\":\"https:\\\/\\\/www.mtlghouse.ca\\\/en\\\/\",\"name\":\"Montreal Urban Greenhouse\",\"description\":\"A hub for urban farming\",\"potentialAction\":[{\"@type\":\"SearchAction\",\"target\":{\"@type\":\"EntryPoint\",\"urlTemplate\":\"https:\\\/\\\/www.mtlghouse.ca\\\/en\\\/?s={search_term_string}\"},\"query-input\":{\"@type\":\"PropertyValueSpecification\",\"valueRequired\":true,\"valueName\":\"search_term_string\"}}],\"inLanguage\":\"en-US\"}]}<\/script>\n<!-- \/ Yoast SEO Premium plugin. -->","yoast_head_json":{"title":"Terreau Biologique - Organic Soil - Montreal Urban Greenhouse","robots":{"index":"index","follow":"follow","max-snippet":"max-snippet:-1","max-image-preview":"max-image-preview:large","max-video-preview":"max-video-preview:-1"},"canonical":"https:\/\/www.mtlghouse.ca\/en\/product\/organic-soil\/","og_locale":"en_US","og_type":"article","og_title":"Terreau Biologique - Organic Soil","og_description":"Approuv\u00e9 pour le jardinage biologique, le m\u00e9lange pour contenants URBAN GARDEN est sp\u00e9cialement con\u00e7u pour la culture de l\u00e9gumes et de fines herbes en contenants ext\u00e9rieurs. Ce terreau \u00e0 base de tourbe de sphaigne est enrichi de fibres de coco, de compost et d\u2019engrais naturel pour des r\u00e9sultats exceptionnels. NPK 0,11-0,07-0,06 Approved for organic gardening, [&hellip;]","og_url":"https:\/\/www.mtlghouse.ca\/en\/product\/organic-soil\/","og_site_name":"Montreal Urban Greenhouse","article_modified_time":"2026-04-28T18:17:31+00:00","og_image":[{"width":500,"height":500,"url":"https:\/\/www.mtlghouse.ca\/wp-content\/uploads\/2021\/04\/URBTFA30H-terreau-urbain_3D-2.png","type":"image\/png"}],"twitter_card":"summary_large_image","twitter_misc":{"Est. reading time":"1 minute"},"schema":{"@context":"https:\/\/schema.org","@graph":[{"@type":"WebPage","@id":"https:\/\/www.mtlghouse.ca\/en\/product\/organic-soil\/","url":"https:\/\/www.mtlghouse.ca\/en\/product\/organic-soil\/","name":"Terreau Biologique - Organic Soil - Montreal Urban Greenhouse","isPartOf":{"@id":"https:\/\/www.mtlghouse.ca\/en\/#website"},"primaryImageOfPage":{"@id":"https:\/\/www.mtlghouse.ca\/en\/product\/organic-soil\/#primaryimage"},"image":{"@id":"https:\/\/www.mtlghouse.ca\/en\/product\/organic-soil\/#primaryimage"},"thumbnailUrl":"https:\/\/www.mtlghouse.ca\/wp-content\/uploads\/2021\/04\/URBTFA30H-terreau-urbain_3D-2.png","datePublished":"2026-04-17T20:18:24+00:00","dateModified":"2026-04-28T18:17:31+00:00","breadcrumb":{"@id":"https:\/\/www.mtlghouse.ca\/en\/product\/organic-soil\/#breadcrumb"},"inLanguage":"en-US","potentialAction":[{"@type":"ReadAction","target":["https:\/\/www.mtlghouse.ca\/en\/product\/organic-soil\/"]}]},{"@type":"ImageObject","inLanguage":"en-US","@id":"https:\/\/www.mtlghouse.ca\/en\/product\/organic-soil\/#primaryimage","url":"https:\/\/www.mtlghouse.ca\/wp-content\/uploads\/2021\/04\/URBTFA30H-terreau-urbain_3D-2.png","contentUrl":"https:\/\/www.mtlghouse.ca\/wp-content\/uploads\/2021\/04\/URBTFA30H-terreau-urbain_3D-2.png","width":500,"height":500},{"@type":"BreadcrumbList","@id":"https:\/\/www.mtlghouse.ca\/en\/product\/organic-soil\/#breadcrumb","itemListElement":[{"@type":"ListItem","position":1,"name":"Home","item":"https:\/\/www.mtlghouse.ca\/en\/"},{"@type":"ListItem","position":2,"name":"Ce qu\u2019on offre","item":"https:\/\/www.mtlghouse.ca\/en\/products-order\/"},{"@type":"ListItem","position":3,"name":"Terreau Biologique &#8211; Organic Soil"}]},{"@type":"WebSite","@id":"https:\/\/www.mtlghouse.ca\/en\/#website","url":"https:\/\/www.mtlghouse.ca\/en\/","name":"Montreal Urban Greenhouse","description":"A hub for urban farming","potentialAction":[{"@type":"SearchAction","target":{"@type":"EntryPoint","urlTemplate":"https:\/\/www.mtlghouse.ca\/en\/?s={search_term_string}"},"query-input":{"@type":"PropertyValueSpecification","valueRequired":true,"valueName":"search_term_string"}}],"inLanguage":"en-US"}]}},"jetpack_sharing_enabled":true,"_links":{"self":[{"href":"https:\/\/www.mtlghouse.ca\/en\/wp-json\/wp\/v2\/product\/52928","targetHints":{"allow":["GET"]}}],"collection":[{"href":"https:\/\/www.mtlghouse.ca\/en\/wp-json\/wp\/v2\/product"}],"about":[{"href":"https:\/\/www.mtlghouse.ca\/en\/wp-json\/wp\/v2\/types\/product"}],"replies":[{"embeddable":true,"href":"https:\/\/www.mtlghouse.ca\/en\/wp-json\/wp\/v2\/comments?post=52928"}],"wp:featuredmedia":[{"embeddable":true,"href":"https:\/\/www.mtlghouse.ca\/en\/wp-json\/wp\/v2\/media\/51977"}],"wp:attachment":[{"href":"https:\/\/www.mtlghouse.ca\/en\/wp-json\/wp\/v2\/media?parent=52928"}],"wp:term":[{"taxonomy":"product_brand","embeddable":true,"href":"https:\/\/www.mtlghouse.ca\/en\/wp-json\/wp\/v2\/product_brand?post=52928"},{"taxonomy":"product_cat","embeddable":true,"href":"https:\/\/www.mtlghouse.ca\/en\/wp-json\/wp\/v2\/product_cat?post=52928"},{"taxonomy":"product_tag","embeddable":true,"href":"https:\/\/www.mtlghouse.ca\/en\/wp-json\/wp\/v2\/product_tag?post=52928"}],"curies":[{"name":"wp","href":"https:\/\/api.w.org\/{rel}","templated":true}]}}