{"id":52922,"date":"2026-04-17T16:19:51","date_gmt":"2026-04-17T20:19:51","guid":{"rendered":"https:\/\/www.mtlghouse.ca\/product\/lavatere-lavatera\/"},"modified":"2026-04-28T14:14:40","modified_gmt":"2026-04-28T18:14:40","slug":"lavatere-lavatera","status":"publish","type":"product","link":"https:\/\/www.mtlghouse.ca\/en\/product\/lavatere-lavatera\/","title":{"rendered":"Lavat\u00e8re &#8211; Lavatera"},"content":{"rendered":"<p>La lavat\u00e8re est une plante \u00e9l\u00e9gante reconnue pour ses grandes fleurs d\u00e9licates aux teintes de rose, souvent marqu\u00e9es de nervures plus fonc\u00e9es. Facile \u00e0 cultiver, elle offre une floraison abondante tout l\u2019\u00e9t\u00e9 et apporte une touche l\u00e9g\u00e8re et naturelle aux jardins.<\/p>\n<p><em>Remarque: Les plantes peuvent varier et ne pas correspondre exactement \u00e0 la photo<\/em><\/p>\n<p>Lavatera is an elegant plant known for its large, delicate flowers in shades of pink, often marked with deeper veins. Easy to grow, it produces abundant blooms throughout the summer and adds a soft, natural touch to any garden.<\/p>\n<p><em>Note: Plants may vary and may not match the photo exactly<\/em><\/p>\n","protected":false},"excerpt":{"rendered":"<p>La lavat\u00e8re est une plante \u00e9l\u00e9gante reconnue pour ses grandes fleurs d\u00e9licates aux teintes de rose, souvent marqu\u00e9es de nervures plus fonc\u00e9es. Facile \u00e0 cultiver, elle offre une floraison abondante tout l\u2019\u00e9t\u00e9 et apporte une touche l\u00e9g\u00e8re et naturelle aux jardins. Remarque: Les plantes peuvent varier et ne pas correspondre exactement \u00e0 la photo Lavatera [&hellip;]<\/p>\n","protected":false},"featured_media":52579,"comment_status":"open","ping_status":"closed","template":"","meta":[],"product_brand":[],"product_cat":[263],"product_tag":[],"class_list":{"0":"post-52922","1":"product","2":"type-product","3":"status-publish","4":"has-post-thumbnail","6":"product_cat-fleurs-annuelles-annual-flowers-2","8":"first","9":"instock","10":"purchasable","11":"product-type-simple"},"yoast_head":"<!-- This site is optimized with the Yoast SEO Premium plugin v27.4 (Yoast SEO v27.4) - https:\/\/yoast.com\/product\/yoast-seo-premium-wordpress\/ -->\n<title>Lavat\u00e8re - Lavatera - Montreal Urban Greenhouse<\/title>\n<meta name=\"robots\" content=\"index, follow, max-snippet:-1, max-image-preview:large, max-video-preview:-1\" \/>\n<link rel=\"canonical\" href=\"https:\/\/www.mtlghouse.ca\/en\/product\/lavatere-lavatera\/\" \/>\n<meta property=\"og:locale\" content=\"en_US\" \/>\n<meta property=\"og:type\" content=\"article\" \/>\n<meta property=\"og:title\" content=\"Lavat\u00e8re - Lavatera\" \/>\n<meta property=\"og:description\" content=\"La lavat\u00e8re est une plante \u00e9l\u00e9gante reconnue pour ses grandes fleurs d\u00e9licates aux teintes de rose, souvent marqu\u00e9es de nervures plus fonc\u00e9es. Facile \u00e0 cultiver, elle offre une floraison abondante tout l\u2019\u00e9t\u00e9 et apporte une touche l\u00e9g\u00e8re et naturelle aux jardins. Remarque: Les plantes peuvent varier et ne pas correspondre exactement \u00e0 la photo Lavatera [&hellip;]\" \/>\n<meta property=\"og:url\" content=\"https:\/\/www.mtlghouse.ca\/en\/product\/lavatere-lavatera\/\" \/>\n<meta property=\"og:site_name\" content=\"Montreal Urban Greenhouse\" \/>\n<meta property=\"article:modified_time\" content=\"2026-04-28T18:14:40+00:00\" \/>\n<meta property=\"og:image\" content=\"https:\/\/www.mtlghouse.ca\/wp-content\/uploads\/2026\/04\/ChatGPT-Image-Apr-16-2026-at-10_27_28-PM-1024x683.png\" \/>\n\t<meta property=\"og:image:width\" content=\"1024\" \/>\n\t<meta property=\"og:image:height\" content=\"683\" \/>\n\t<meta property=\"og:image:type\" content=\"image\/png\" \/>\n<meta name=\"twitter:card\" content=\"summary_large_image\" \/>\n<meta name=\"twitter:label1\" content=\"Est. reading time\" \/>\n\t<meta name=\"twitter:data1\" content=\"1 minute\" \/>\n<script type=\"application\/ld+json\" class=\"yoast-schema-graph\">{\"@context\":\"https:\\\/\\\/schema.org\",\"@graph\":[{\"@type\":\"WebPage\",\"@id\":\"https:\\\/\\\/www.mtlghouse.ca\\\/en\\\/product\\\/lavatere-lavatera\\\/\",\"url\":\"https:\\\/\\\/www.mtlghouse.ca\\\/en\\\/product\\\/lavatere-lavatera\\\/\",\"name\":\"Lavat\u00e8re - Lavatera - Montreal Urban Greenhouse\",\"isPartOf\":{\"@id\":\"https:\\\/\\\/www.mtlghouse.ca\\\/en\\\/#website\"},\"primaryImageOfPage\":{\"@id\":\"https:\\\/\\\/www.mtlghouse.ca\\\/en\\\/product\\\/lavatere-lavatera\\\/#primaryimage\"},\"image\":{\"@id\":\"https:\\\/\\\/www.mtlghouse.ca\\\/en\\\/product\\\/lavatere-lavatera\\\/#primaryimage\"},\"thumbnailUrl\":\"https:\\\/\\\/www.mtlghouse.ca\\\/wp-content\\\/uploads\\\/2026\\\/04\\\/ChatGPT-Image-Apr-16-2026-at-10_27_28-PM.png\",\"datePublished\":\"2026-04-17T20:19:51+00:00\",\"dateModified\":\"2026-04-28T18:14:40+00:00\",\"breadcrumb\":{\"@id\":\"https:\\\/\\\/www.mtlghouse.ca\\\/en\\\/product\\\/lavatere-lavatera\\\/#breadcrumb\"},\"inLanguage\":\"en-US\",\"potentialAction\":[{\"@type\":\"ReadAction\",\"target\":[\"https:\\\/\\\/www.mtlghouse.ca\\\/en\\\/product\\\/lavatere-lavatera\\\/\"]}]},{\"@type\":\"ImageObject\",\"inLanguage\":\"en-US\",\"@id\":\"https:\\\/\\\/www.mtlghouse.ca\\\/en\\\/product\\\/lavatere-lavatera\\\/#primaryimage\",\"url\":\"https:\\\/\\\/www.mtlghouse.ca\\\/wp-content\\\/uploads\\\/2026\\\/04\\\/ChatGPT-Image-Apr-16-2026-at-10_27_28-PM.png\",\"contentUrl\":\"https:\\\/\\\/www.mtlghouse.ca\\\/wp-content\\\/uploads\\\/2026\\\/04\\\/ChatGPT-Image-Apr-16-2026-at-10_27_28-PM.png\",\"width\":1536,\"height\":1024},{\"@type\":\"BreadcrumbList\",\"@id\":\"https:\\\/\\\/www.mtlghouse.ca\\\/en\\\/product\\\/lavatere-lavatera\\\/#breadcrumb\",\"itemListElement\":[{\"@type\":\"ListItem\",\"position\":1,\"name\":\"Home\",\"item\":\"https:\\\/\\\/www.mtlghouse.ca\\\/en\\\/\"},{\"@type\":\"ListItem\",\"position\":2,\"name\":\"Produits\",\"item\":\"https:\\\/\\\/www.mtlghouse.ca\\\/en\\\/products-order\\\/\"},{\"@type\":\"ListItem\",\"position\":3,\"name\":\"Lavat\u00e8re &#8211; Lavatera\"}]},{\"@type\":\"WebSite\",\"@id\":\"https:\\\/\\\/www.mtlghouse.ca\\\/en\\\/#website\",\"url\":\"https:\\\/\\\/www.mtlghouse.ca\\\/en\\\/\",\"name\":\"Montreal Urban Greenhouse\",\"description\":\"A hub for urban farming\",\"potentialAction\":[{\"@type\":\"SearchAction\",\"target\":{\"@type\":\"EntryPoint\",\"urlTemplate\":\"https:\\\/\\\/www.mtlghouse.ca\\\/en\\\/?s={search_term_string}\"},\"query-input\":{\"@type\":\"PropertyValueSpecification\",\"valueRequired\":true,\"valueName\":\"search_term_string\"}}],\"inLanguage\":\"en-US\"}]}<\/script>\n<!-- \/ Yoast SEO Premium plugin. -->","yoast_head_json":{"title":"Lavat\u00e8re - Lavatera - Montreal Urban Greenhouse","robots":{"index":"index","follow":"follow","max-snippet":"max-snippet:-1","max-image-preview":"max-image-preview:large","max-video-preview":"max-video-preview:-1"},"canonical":"https:\/\/www.mtlghouse.ca\/en\/product\/lavatere-lavatera\/","og_locale":"en_US","og_type":"article","og_title":"Lavat\u00e8re - Lavatera","og_description":"La lavat\u00e8re est une plante \u00e9l\u00e9gante reconnue pour ses grandes fleurs d\u00e9licates aux teintes de rose, souvent marqu\u00e9es de nervures plus fonc\u00e9es. Facile \u00e0 cultiver, elle offre une floraison abondante tout l\u2019\u00e9t\u00e9 et apporte une touche l\u00e9g\u00e8re et naturelle aux jardins. Remarque: Les plantes peuvent varier et ne pas correspondre exactement \u00e0 la photo Lavatera [&hellip;]","og_url":"https:\/\/www.mtlghouse.ca\/en\/product\/lavatere-lavatera\/","og_site_name":"Montreal Urban Greenhouse","article_modified_time":"2026-04-28T18:14:40+00:00","og_image":[{"width":1024,"height":683,"url":"https:\/\/www.mtlghouse.ca\/wp-content\/uploads\/2026\/04\/ChatGPT-Image-Apr-16-2026-at-10_27_28-PM-1024x683.png","type":"image\/png"}],"twitter_card":"summary_large_image","twitter_misc":{"Est. reading time":"1 minute"},"schema":{"@context":"https:\/\/schema.org","@graph":[{"@type":"WebPage","@id":"https:\/\/www.mtlghouse.ca\/en\/product\/lavatere-lavatera\/","url":"https:\/\/www.mtlghouse.ca\/en\/product\/lavatere-lavatera\/","name":"Lavat\u00e8re - Lavatera - Montreal Urban Greenhouse","isPartOf":{"@id":"https:\/\/www.mtlghouse.ca\/en\/#website"},"primaryImageOfPage":{"@id":"https:\/\/www.mtlghouse.ca\/en\/product\/lavatere-lavatera\/#primaryimage"},"image":{"@id":"https:\/\/www.mtlghouse.ca\/en\/product\/lavatere-lavatera\/#primaryimage"},"thumbnailUrl":"https:\/\/www.mtlghouse.ca\/wp-content\/uploads\/2026\/04\/ChatGPT-Image-Apr-16-2026-at-10_27_28-PM.png","datePublished":"2026-04-17T20:19:51+00:00","dateModified":"2026-04-28T18:14:40+00:00","breadcrumb":{"@id":"https:\/\/www.mtlghouse.ca\/en\/product\/lavatere-lavatera\/#breadcrumb"},"inLanguage":"en-US","potentialAction":[{"@type":"ReadAction","target":["https:\/\/www.mtlghouse.ca\/en\/product\/lavatere-lavatera\/"]}]},{"@type":"ImageObject","inLanguage":"en-US","@id":"https:\/\/www.mtlghouse.ca\/en\/product\/lavatere-lavatera\/#primaryimage","url":"https:\/\/www.mtlghouse.ca\/wp-content\/uploads\/2026\/04\/ChatGPT-Image-Apr-16-2026-at-10_27_28-PM.png","contentUrl":"https:\/\/www.mtlghouse.ca\/wp-content\/uploads\/2026\/04\/ChatGPT-Image-Apr-16-2026-at-10_27_28-PM.png","width":1536,"height":1024},{"@type":"BreadcrumbList","@id":"https:\/\/www.mtlghouse.ca\/en\/product\/lavatere-lavatera\/#breadcrumb","itemListElement":[{"@type":"ListItem","position":1,"name":"Home","item":"https:\/\/www.mtlghouse.ca\/en\/"},{"@type":"ListItem","position":2,"name":"Produits","item":"https:\/\/www.mtlghouse.ca\/en\/products-order\/"},{"@type":"ListItem","position":3,"name":"Lavat\u00e8re &#8211; Lavatera"}]},{"@type":"WebSite","@id":"https:\/\/www.mtlghouse.ca\/en\/#website","url":"https:\/\/www.mtlghouse.ca\/en\/","name":"Montreal Urban Greenhouse","description":"A hub for urban farming","potentialAction":[{"@type":"SearchAction","target":{"@type":"EntryPoint","urlTemplate":"https:\/\/www.mtlghouse.ca\/en\/?s={search_term_string}"},"query-input":{"@type":"PropertyValueSpecification","valueRequired":true,"valueName":"search_term_string"}}],"inLanguage":"en-US"}]}},"jetpack_sharing_enabled":true,"_links":{"self":[{"href":"https:\/\/www.mtlghouse.ca\/en\/wp-json\/wp\/v2\/product\/52922","targetHints":{"allow":["GET"]}}],"collection":[{"href":"https:\/\/www.mtlghouse.ca\/en\/wp-json\/wp\/v2\/product"}],"about":[{"href":"https:\/\/www.mtlghouse.ca\/en\/wp-json\/wp\/v2\/types\/product"}],"replies":[{"embeddable":true,"href":"https:\/\/www.mtlghouse.ca\/en\/wp-json\/wp\/v2\/comments?post=52922"}],"wp:featuredmedia":[{"embeddable":true,"href":"https:\/\/www.mtlghouse.ca\/en\/wp-json\/wp\/v2\/media\/52579"}],"wp:attachment":[{"href":"https:\/\/www.mtlghouse.ca\/en\/wp-json\/wp\/v2\/media?parent=52922"}],"wp:term":[{"taxonomy":"product_brand","embeddable":true,"href":"https:\/\/www.mtlghouse.ca\/en\/wp-json\/wp\/v2\/product_brand?post=52922"},{"taxonomy":"product_cat","embeddable":true,"href":"https:\/\/www.mtlghouse.ca\/en\/wp-json\/wp\/v2\/product_cat?post=52922"},{"taxonomy":"product_tag","embeddable":true,"href":"https:\/\/www.mtlghouse.ca\/en\/wp-json\/wp\/v2\/product_tag?post=52922"}],"curies":[{"name":"wp","href":"https:\/\/api.w.org\/{rel}","templated":true}]}}