{"id":52921,"date":"2026-04-17T16:19:50","date_gmt":"2026-04-17T20:19:50","guid":{"rendered":"https:\/\/www.mtlghouse.ca\/product\/marguerite-africaine-african-daisy\/"},"modified":"2026-04-28T14:14:44","modified_gmt":"2026-04-28T18:14:44","slug":"marguerite-africaine-african-daisy","status":"publish","type":"product","link":"https:\/\/www.mtlghouse.ca\/en\/product\/marguerite-africaine-african-daisy\/","title":{"rendered":"Marguerite Africaine &#8211; African Daisy"},"content":{"rendered":"<p>Les marguerites africaines sont des fleurs annuelles \u00e9clatantes reconnues pour leurs p\u00e9tales color\u00e9s aux teintes vives, souvent contrast\u00e9es par un centre fonc\u00e9. Elles s\u2019ouvrent au soleil et offrent une floraison abondante tout l\u2019\u00e9t\u00e9, apportant une touche lumineuse et moderne aux jardins et jardini\u00e8res.<\/p>\n<p><em>Remarque: Les plantes peuvent varier et ne pas correspondre exactement \u00e0 la photo<\/em><\/p>\n<p>African daisies are vibrant annual flowers known for their brightly colored petals, often contrasted by a dark center. They open in the sun and bloom abundantly throughout the summer, adding a bright, modern touch to gardens and planters.<\/p>\n<p><em>Note: Plants may vary and may not match the photo exactly<\/em><\/p>\n","protected":false},"excerpt":{"rendered":"<p>Les marguerites africaines sont des fleurs annuelles \u00e9clatantes reconnues pour leurs p\u00e9tales color\u00e9s aux teintes vives, souvent contrast\u00e9es par un centre fonc\u00e9. Elles s\u2019ouvrent au soleil et offrent une floraison abondante tout l\u2019\u00e9t\u00e9, apportant une touche lumineuse et moderne aux jardins et jardini\u00e8res. Remarque: Les plantes peuvent varier et ne pas correspondre exactement \u00e0 la [&hellip;]<\/p>\n","protected":false},"featured_media":52590,"comment_status":"open","ping_status":"closed","template":"","meta":[],"product_brand":[],"product_cat":[263],"product_tag":[],"class_list":{"0":"post-52921","1":"product","2":"type-product","3":"status-publish","4":"has-post-thumbnail","6":"product_cat-fleurs-annuelles-annual-flowers-2","8":"first","9":"instock","10":"purchasable","11":"product-type-simple"},"yoast_head":"<!-- This site is optimized with the Yoast SEO Premium plugin v27.4 (Yoast SEO v27.4) - https:\/\/yoast.com\/product\/yoast-seo-premium-wordpress\/ -->\n<title>Marguerite Africaine - African Daisy - Montreal Urban Greenhouse<\/title>\n<meta name=\"robots\" content=\"index, follow, max-snippet:-1, max-image-preview:large, max-video-preview:-1\" \/>\n<link rel=\"canonical\" href=\"https:\/\/www.mtlghouse.ca\/en\/product\/marguerite-africaine-african-daisy\/\" \/>\n<meta property=\"og:locale\" content=\"en_US\" \/>\n<meta property=\"og:type\" content=\"article\" \/>\n<meta property=\"og:title\" content=\"Marguerite Africaine - African Daisy\" \/>\n<meta property=\"og:description\" content=\"Les marguerites africaines sont des fleurs annuelles \u00e9clatantes reconnues pour leurs p\u00e9tales color\u00e9s aux teintes vives, souvent contrast\u00e9es par un centre fonc\u00e9. Elles s\u2019ouvrent au soleil et offrent une floraison abondante tout l\u2019\u00e9t\u00e9, apportant une touche lumineuse et moderne aux jardins et jardini\u00e8res. Remarque: Les plantes peuvent varier et ne pas correspondre exactement \u00e0 la [&hellip;]\" \/>\n<meta property=\"og:url\" content=\"https:\/\/www.mtlghouse.ca\/en\/product\/marguerite-africaine-african-daisy\/\" \/>\n<meta property=\"og:site_name\" content=\"Montreal Urban Greenhouse\" \/>\n<meta property=\"article:modified_time\" content=\"2026-04-28T18:14:44+00:00\" \/>\n<meta property=\"og:image\" content=\"https:\/\/www.mtlghouse.ca\/wp-content\/uploads\/2026\/04\/African-Daisy.jpg\" \/>\n\t<meta property=\"og:image:width\" content=\"400\" \/>\n\t<meta property=\"og:image:height\" content=\"345\" \/>\n\t<meta property=\"og:image:type\" content=\"image\/jpeg\" \/>\n<meta name=\"twitter:card\" content=\"summary_large_image\" \/>\n<meta name=\"twitter:label1\" content=\"Est. reading time\" \/>\n\t<meta name=\"twitter:data1\" content=\"1 minute\" \/>\n<script type=\"application\/ld+json\" class=\"yoast-schema-graph\">{\"@context\":\"https:\\\/\\\/schema.org\",\"@graph\":[{\"@type\":\"WebPage\",\"@id\":\"https:\\\/\\\/www.mtlghouse.ca\\\/en\\\/product\\\/marguerite-africaine-african-daisy\\\/\",\"url\":\"https:\\\/\\\/www.mtlghouse.ca\\\/en\\\/product\\\/marguerite-africaine-african-daisy\\\/\",\"name\":\"Marguerite Africaine - African Daisy - Montreal Urban Greenhouse\",\"isPartOf\":{\"@id\":\"https:\\\/\\\/www.mtlghouse.ca\\\/en\\\/#website\"},\"primaryImageOfPage\":{\"@id\":\"https:\\\/\\\/www.mtlghouse.ca\\\/en\\\/product\\\/marguerite-africaine-african-daisy\\\/#primaryimage\"},\"image\":{\"@id\":\"https:\\\/\\\/www.mtlghouse.ca\\\/en\\\/product\\\/marguerite-africaine-african-daisy\\\/#primaryimage\"},\"thumbnailUrl\":\"https:\\\/\\\/www.mtlghouse.ca\\\/wp-content\\\/uploads\\\/2026\\\/04\\\/African-Daisy.jpg\",\"datePublished\":\"2026-04-17T20:19:50+00:00\",\"dateModified\":\"2026-04-28T18:14:44+00:00\",\"breadcrumb\":{\"@id\":\"https:\\\/\\\/www.mtlghouse.ca\\\/en\\\/product\\\/marguerite-africaine-african-daisy\\\/#breadcrumb\"},\"inLanguage\":\"en-US\",\"potentialAction\":[{\"@type\":\"ReadAction\",\"target\":[\"https:\\\/\\\/www.mtlghouse.ca\\\/en\\\/product\\\/marguerite-africaine-african-daisy\\\/\"]}]},{\"@type\":\"ImageObject\",\"inLanguage\":\"en-US\",\"@id\":\"https:\\\/\\\/www.mtlghouse.ca\\\/en\\\/product\\\/marguerite-africaine-african-daisy\\\/#primaryimage\",\"url\":\"https:\\\/\\\/www.mtlghouse.ca\\\/wp-content\\\/uploads\\\/2026\\\/04\\\/African-Daisy.jpg\",\"contentUrl\":\"https:\\\/\\\/www.mtlghouse.ca\\\/wp-content\\\/uploads\\\/2026\\\/04\\\/African-Daisy.jpg\",\"width\":400,\"height\":345},{\"@type\":\"BreadcrumbList\",\"@id\":\"https:\\\/\\\/www.mtlghouse.ca\\\/en\\\/product\\\/marguerite-africaine-african-daisy\\\/#breadcrumb\",\"itemListElement\":[{\"@type\":\"ListItem\",\"position\":1,\"name\":\"Home\",\"item\":\"https:\\\/\\\/www.mtlghouse.ca\\\/en\\\/\"},{\"@type\":\"ListItem\",\"position\":2,\"name\":\"Produits\",\"item\":\"https:\\\/\\\/www.mtlghouse.ca\\\/en\\\/products-order\\\/\"},{\"@type\":\"ListItem\",\"position\":3,\"name\":\"Marguerite Africaine &#8211; African Daisy\"}]},{\"@type\":\"WebSite\",\"@id\":\"https:\\\/\\\/www.mtlghouse.ca\\\/en\\\/#website\",\"url\":\"https:\\\/\\\/www.mtlghouse.ca\\\/en\\\/\",\"name\":\"Montreal Urban Greenhouse\",\"description\":\"A hub for urban farming\",\"potentialAction\":[{\"@type\":\"SearchAction\",\"target\":{\"@type\":\"EntryPoint\",\"urlTemplate\":\"https:\\\/\\\/www.mtlghouse.ca\\\/en\\\/?s={search_term_string}\"},\"query-input\":{\"@type\":\"PropertyValueSpecification\",\"valueRequired\":true,\"valueName\":\"search_term_string\"}}],\"inLanguage\":\"en-US\"}]}<\/script>\n<!-- \/ Yoast SEO Premium plugin. -->","yoast_head_json":{"title":"Marguerite Africaine - African Daisy - Montreal Urban Greenhouse","robots":{"index":"index","follow":"follow","max-snippet":"max-snippet:-1","max-image-preview":"max-image-preview:large","max-video-preview":"max-video-preview:-1"},"canonical":"https:\/\/www.mtlghouse.ca\/en\/product\/marguerite-africaine-african-daisy\/","og_locale":"en_US","og_type":"article","og_title":"Marguerite Africaine - African Daisy","og_description":"Les marguerites africaines sont des fleurs annuelles \u00e9clatantes reconnues pour leurs p\u00e9tales color\u00e9s aux teintes vives, souvent contrast\u00e9es par un centre fonc\u00e9. Elles s\u2019ouvrent au soleil et offrent une floraison abondante tout l\u2019\u00e9t\u00e9, apportant une touche lumineuse et moderne aux jardins et jardini\u00e8res. Remarque: Les plantes peuvent varier et ne pas correspondre exactement \u00e0 la [&hellip;]","og_url":"https:\/\/www.mtlghouse.ca\/en\/product\/marguerite-africaine-african-daisy\/","og_site_name":"Montreal Urban Greenhouse","article_modified_time":"2026-04-28T18:14:44+00:00","og_image":[{"width":400,"height":345,"url":"https:\/\/www.mtlghouse.ca\/wp-content\/uploads\/2026\/04\/African-Daisy.jpg","type":"image\/jpeg"}],"twitter_card":"summary_large_image","twitter_misc":{"Est. reading time":"1 minute"},"schema":{"@context":"https:\/\/schema.org","@graph":[{"@type":"WebPage","@id":"https:\/\/www.mtlghouse.ca\/en\/product\/marguerite-africaine-african-daisy\/","url":"https:\/\/www.mtlghouse.ca\/en\/product\/marguerite-africaine-african-daisy\/","name":"Marguerite Africaine - African Daisy - Montreal Urban Greenhouse","isPartOf":{"@id":"https:\/\/www.mtlghouse.ca\/en\/#website"},"primaryImageOfPage":{"@id":"https:\/\/www.mtlghouse.ca\/en\/product\/marguerite-africaine-african-daisy\/#primaryimage"},"image":{"@id":"https:\/\/www.mtlghouse.ca\/en\/product\/marguerite-africaine-african-daisy\/#primaryimage"},"thumbnailUrl":"https:\/\/www.mtlghouse.ca\/wp-content\/uploads\/2026\/04\/African-Daisy.jpg","datePublished":"2026-04-17T20:19:50+00:00","dateModified":"2026-04-28T18:14:44+00:00","breadcrumb":{"@id":"https:\/\/www.mtlghouse.ca\/en\/product\/marguerite-africaine-african-daisy\/#breadcrumb"},"inLanguage":"en-US","potentialAction":[{"@type":"ReadAction","target":["https:\/\/www.mtlghouse.ca\/en\/product\/marguerite-africaine-african-daisy\/"]}]},{"@type":"ImageObject","inLanguage":"en-US","@id":"https:\/\/www.mtlghouse.ca\/en\/product\/marguerite-africaine-african-daisy\/#primaryimage","url":"https:\/\/www.mtlghouse.ca\/wp-content\/uploads\/2026\/04\/African-Daisy.jpg","contentUrl":"https:\/\/www.mtlghouse.ca\/wp-content\/uploads\/2026\/04\/African-Daisy.jpg","width":400,"height":345},{"@type":"BreadcrumbList","@id":"https:\/\/www.mtlghouse.ca\/en\/product\/marguerite-africaine-african-daisy\/#breadcrumb","itemListElement":[{"@type":"ListItem","position":1,"name":"Home","item":"https:\/\/www.mtlghouse.ca\/en\/"},{"@type":"ListItem","position":2,"name":"Produits","item":"https:\/\/www.mtlghouse.ca\/en\/products-order\/"},{"@type":"ListItem","position":3,"name":"Marguerite Africaine &#8211; African Daisy"}]},{"@type":"WebSite","@id":"https:\/\/www.mtlghouse.ca\/en\/#website","url":"https:\/\/www.mtlghouse.ca\/en\/","name":"Montreal Urban Greenhouse","description":"A hub for urban farming","potentialAction":[{"@type":"SearchAction","target":{"@type":"EntryPoint","urlTemplate":"https:\/\/www.mtlghouse.ca\/en\/?s={search_term_string}"},"query-input":{"@type":"PropertyValueSpecification","valueRequired":true,"valueName":"search_term_string"}}],"inLanguage":"en-US"}]}},"jetpack_sharing_enabled":true,"_links":{"self":[{"href":"https:\/\/www.mtlghouse.ca\/en\/wp-json\/wp\/v2\/product\/52921","targetHints":{"allow":["GET"]}}],"collection":[{"href":"https:\/\/www.mtlghouse.ca\/en\/wp-json\/wp\/v2\/product"}],"about":[{"href":"https:\/\/www.mtlghouse.ca\/en\/wp-json\/wp\/v2\/types\/product"}],"replies":[{"embeddable":true,"href":"https:\/\/www.mtlghouse.ca\/en\/wp-json\/wp\/v2\/comments?post=52921"}],"wp:featuredmedia":[{"embeddable":true,"href":"https:\/\/www.mtlghouse.ca\/en\/wp-json\/wp\/v2\/media\/52590"}],"wp:attachment":[{"href":"https:\/\/www.mtlghouse.ca\/en\/wp-json\/wp\/v2\/media?parent=52921"}],"wp:term":[{"taxonomy":"product_brand","embeddable":true,"href":"https:\/\/www.mtlghouse.ca\/en\/wp-json\/wp\/v2\/product_brand?post=52921"},{"taxonomy":"product_cat","embeddable":true,"href":"https:\/\/www.mtlghouse.ca\/en\/wp-json\/wp\/v2\/product_cat?post=52921"},{"taxonomy":"product_tag","embeddable":true,"href":"https:\/\/www.mtlghouse.ca\/en\/wp-json\/wp\/v2\/product_tag?post=52921"}],"curies":[{"name":"wp","href":"https:\/\/api.w.org\/{rel}","templated":true}]}}