{"id":52920,"date":"2026-04-17T16:19:49","date_gmt":"2026-04-17T20:19:49","guid":{"rendered":"https:\/\/www.mtlghouse.ca\/product\/oeillet-dinde-french-marigold\/"},"modified":"2026-04-28T14:14:48","modified_gmt":"2026-04-28T18:14:48","slug":"oeillet-dinde-french-marigold","status":"publish","type":"product","link":"https:\/\/www.mtlghouse.ca\/en\/product\/oeillet-dinde-french-marigold\/","title":{"rendered":"\u0152illet d\u2019Inde &#8211; French Marigold"},"content":{"rendered":"","protected":false},"excerpt":{"rendered":"<p>Les \u0153illets d\u2019Inde sont des fleurs annuelles compactes et color\u00e9es, reconnues pour leurs teintes vives allant du jaune au rouge orang\u00e9. Tr\u00e8s faciles \u00e0 cultiver, ils offrent une floraison abondante tout l\u2019\u00e9t\u00e9 et peuvent aider \u00e0 \u00e9loigner de nombreux insectes nuisibles, tout en apportant une touche \u00e9clatante aux jardins et potagers.<\/p>\n<p><em>Remarque: \u00a0Les plantes peuvent varier et ne pas correspondre exactement \u00e0 la photo<\/em><\/p>\n<p>French marigolds are compact, colorful annuals known for their vibrant shades ranging from yellow to deep orange and red. Easy to grow, they produce abundant blooms all summer and can help deter many garden pests, while adding a bold pop of color to gardens and vegetable beds.<\/p>\n<p><em>Note: Plants may vary and may not match the photo exactly<\/em><\/p>\n","protected":false},"featured_media":52573,"comment_status":"open","ping_status":"closed","template":"","meta":[],"product_brand":[],"product_cat":[263],"product_tag":[],"class_list":{"0":"post-52920","1":"product","2":"type-product","3":"status-publish","4":"has-post-thumbnail","6":"product_cat-fleurs-annuelles-annual-flowers-2","8":"first","9":"instock","10":"purchasable","11":"product-type-simple"},"yoast_head":"<!-- This site is optimized with the Yoast SEO Premium plugin v27.4 (Yoast SEO v27.4) - https:\/\/yoast.com\/product\/yoast-seo-premium-wordpress\/ -->\n<title>\u0152illet d\u2019Inde - French Marigold - Montreal Urban Greenhouse<\/title>\n<meta name=\"robots\" content=\"index, follow, max-snippet:-1, max-image-preview:large, max-video-preview:-1\" \/>\n<link rel=\"canonical\" href=\"https:\/\/www.mtlghouse.ca\/en\/product\/oeillet-dinde-french-marigold\/\" \/>\n<meta property=\"og:locale\" content=\"en_US\" \/>\n<meta property=\"og:type\" content=\"article\" \/>\n<meta property=\"og:title\" content=\"\u0152illet d\u2019Inde - French Marigold\" \/>\n<meta property=\"og:description\" content=\"Les \u0153illets d\u2019Inde sont des fleurs annuelles compactes et color\u00e9es, reconnues pour leurs teintes vives allant du jaune au rouge orang\u00e9. Tr\u00e8s faciles \u00e0 cultiver, ils offrent une floraison abondante tout l\u2019\u00e9t\u00e9 et peuvent aider \u00e0 \u00e9loigner de nombreux insectes nuisibles, tout en apportant une touche \u00e9clatante aux jardins et potagers.  Remarque: \u00a0Les plantes peuvent varier et ne pas correspondre exactement \u00e0 la photo  French marigolds are compact, colorful annuals known for their vibrant shades ranging from yellow to deep orange and red. Easy to grow, they produce abundant blooms all summer and can help deter many garden pests, while adding a bold pop of color to gardens and vegetable beds.  Note: Plants may vary and may not match the photo exactly\" \/>\n<meta property=\"og:url\" content=\"https:\/\/www.mtlghouse.ca\/en\/product\/oeillet-dinde-french-marigold\/\" \/>\n<meta property=\"og:site_name\" content=\"Montreal Urban Greenhouse\" \/>\n<meta property=\"article:modified_time\" content=\"2026-04-28T18:14:48+00:00\" \/>\n<meta property=\"og:image\" content=\"https:\/\/www.mtlghouse.ca\/wp-content\/uploads\/2026\/04\/Marigold-French.jpg.webp\" \/>\n\t<meta property=\"og:image:width\" content=\"1256\" \/>\n\t<meta property=\"og:image:height\" content=\"1256\" \/>\n\t<meta property=\"og:image:type\" content=\"image\/webp\" \/>\n<meta name=\"twitter:card\" content=\"summary_large_image\" \/>\n<script type=\"application\/ld+json\" class=\"yoast-schema-graph\">{\"@context\":\"https:\\\/\\\/schema.org\",\"@graph\":[{\"@type\":\"WebPage\",\"@id\":\"https:\\\/\\\/www.mtlghouse.ca\\\/en\\\/product\\\/oeillet-dinde-french-marigold\\\/\",\"url\":\"https:\\\/\\\/www.mtlghouse.ca\\\/en\\\/product\\\/oeillet-dinde-french-marigold\\\/\",\"name\":\"\u0152illet d\u2019Inde - French Marigold - Montreal Urban Greenhouse\",\"isPartOf\":{\"@id\":\"https:\\\/\\\/www.mtlghouse.ca\\\/en\\\/#website\"},\"primaryImageOfPage\":{\"@id\":\"https:\\\/\\\/www.mtlghouse.ca\\\/en\\\/product\\\/oeillet-dinde-french-marigold\\\/#primaryimage\"},\"image\":{\"@id\":\"https:\\\/\\\/www.mtlghouse.ca\\\/en\\\/product\\\/oeillet-dinde-french-marigold\\\/#primaryimage\"},\"thumbnailUrl\":\"https:\\\/\\\/www.mtlghouse.ca\\\/wp-content\\\/uploads\\\/2026\\\/04\\\/Marigold-French.jpg.webp\",\"datePublished\":\"2026-04-17T20:19:49+00:00\",\"dateModified\":\"2026-04-28T18:14:48+00:00\",\"breadcrumb\":{\"@id\":\"https:\\\/\\\/www.mtlghouse.ca\\\/en\\\/product\\\/oeillet-dinde-french-marigold\\\/#breadcrumb\"},\"inLanguage\":\"en-US\",\"potentialAction\":[{\"@type\":\"ReadAction\",\"target\":[\"https:\\\/\\\/www.mtlghouse.ca\\\/en\\\/product\\\/oeillet-dinde-french-marigold\\\/\"]}]},{\"@type\":\"ImageObject\",\"inLanguage\":\"en-US\",\"@id\":\"https:\\\/\\\/www.mtlghouse.ca\\\/en\\\/product\\\/oeillet-dinde-french-marigold\\\/#primaryimage\",\"url\":\"https:\\\/\\\/www.mtlghouse.ca\\\/wp-content\\\/uploads\\\/2026\\\/04\\\/Marigold-French.jpg.webp\",\"contentUrl\":\"https:\\\/\\\/www.mtlghouse.ca\\\/wp-content\\\/uploads\\\/2026\\\/04\\\/Marigold-French.jpg.webp\",\"width\":1256,\"height\":1256},{\"@type\":\"BreadcrumbList\",\"@id\":\"https:\\\/\\\/www.mtlghouse.ca\\\/en\\\/product\\\/oeillet-dinde-french-marigold\\\/#breadcrumb\",\"itemListElement\":[{\"@type\":\"ListItem\",\"position\":1,\"name\":\"Home\",\"item\":\"https:\\\/\\\/www.mtlghouse.ca\\\/en\\\/\"},{\"@type\":\"ListItem\",\"position\":2,\"name\":\"Produits\",\"item\":\"https:\\\/\\\/www.mtlghouse.ca\\\/en\\\/products-order\\\/\"},{\"@type\":\"ListItem\",\"position\":3,\"name\":\"\u0152illet d\u2019Inde &#8211; French Marigold\"}]},{\"@type\":\"WebSite\",\"@id\":\"https:\\\/\\\/www.mtlghouse.ca\\\/en\\\/#website\",\"url\":\"https:\\\/\\\/www.mtlghouse.ca\\\/en\\\/\",\"name\":\"Montreal Urban Greenhouse\",\"description\":\"A hub for urban farming\",\"potentialAction\":[{\"@type\":\"SearchAction\",\"target\":{\"@type\":\"EntryPoint\",\"urlTemplate\":\"https:\\\/\\\/www.mtlghouse.ca\\\/en\\\/?s={search_term_string}\"},\"query-input\":{\"@type\":\"PropertyValueSpecification\",\"valueRequired\":true,\"valueName\":\"search_term_string\"}}],\"inLanguage\":\"en-US\"}]}<\/script>\n<!-- \/ Yoast SEO Premium plugin. -->","yoast_head_json":{"title":"\u0152illet d\u2019Inde - French Marigold - Montreal Urban Greenhouse","robots":{"index":"index","follow":"follow","max-snippet":"max-snippet:-1","max-image-preview":"max-image-preview:large","max-video-preview":"max-video-preview:-1"},"canonical":"https:\/\/www.mtlghouse.ca\/en\/product\/oeillet-dinde-french-marigold\/","og_locale":"en_US","og_type":"article","og_title":"\u0152illet d\u2019Inde - French Marigold","og_description":"Les \u0153illets d\u2019Inde sont des fleurs annuelles compactes et color\u00e9es, reconnues pour leurs teintes vives allant du jaune au rouge orang\u00e9. Tr\u00e8s faciles \u00e0 cultiver, ils offrent une floraison abondante tout l\u2019\u00e9t\u00e9 et peuvent aider \u00e0 \u00e9loigner de nombreux insectes nuisibles, tout en apportant une touche \u00e9clatante aux jardins et potagers.  Remarque: \u00a0Les plantes peuvent varier et ne pas correspondre exactement \u00e0 la photo  French marigolds are compact, colorful annuals known for their vibrant shades ranging from yellow to deep orange and red. Easy to grow, they produce abundant blooms all summer and can help deter many garden pests, while adding a bold pop of color to gardens and vegetable beds.  Note: Plants may vary and may not match the photo exactly","og_url":"https:\/\/www.mtlghouse.ca\/en\/product\/oeillet-dinde-french-marigold\/","og_site_name":"Montreal Urban Greenhouse","article_modified_time":"2026-04-28T18:14:48+00:00","og_image":[{"width":1256,"height":1256,"url":"https:\/\/www.mtlghouse.ca\/wp-content\/uploads\/2026\/04\/Marigold-French.jpg.webp","type":"image\/webp"}],"twitter_card":"summary_large_image","schema":{"@context":"https:\/\/schema.org","@graph":[{"@type":"WebPage","@id":"https:\/\/www.mtlghouse.ca\/en\/product\/oeillet-dinde-french-marigold\/","url":"https:\/\/www.mtlghouse.ca\/en\/product\/oeillet-dinde-french-marigold\/","name":"\u0152illet d\u2019Inde - French Marigold - Montreal Urban Greenhouse","isPartOf":{"@id":"https:\/\/www.mtlghouse.ca\/en\/#website"},"primaryImageOfPage":{"@id":"https:\/\/www.mtlghouse.ca\/en\/product\/oeillet-dinde-french-marigold\/#primaryimage"},"image":{"@id":"https:\/\/www.mtlghouse.ca\/en\/product\/oeillet-dinde-french-marigold\/#primaryimage"},"thumbnailUrl":"https:\/\/www.mtlghouse.ca\/wp-content\/uploads\/2026\/04\/Marigold-French.jpg.webp","datePublished":"2026-04-17T20:19:49+00:00","dateModified":"2026-04-28T18:14:48+00:00","breadcrumb":{"@id":"https:\/\/www.mtlghouse.ca\/en\/product\/oeillet-dinde-french-marigold\/#breadcrumb"},"inLanguage":"en-US","potentialAction":[{"@type":"ReadAction","target":["https:\/\/www.mtlghouse.ca\/en\/product\/oeillet-dinde-french-marigold\/"]}]},{"@type":"ImageObject","inLanguage":"en-US","@id":"https:\/\/www.mtlghouse.ca\/en\/product\/oeillet-dinde-french-marigold\/#primaryimage","url":"https:\/\/www.mtlghouse.ca\/wp-content\/uploads\/2026\/04\/Marigold-French.jpg.webp","contentUrl":"https:\/\/www.mtlghouse.ca\/wp-content\/uploads\/2026\/04\/Marigold-French.jpg.webp","width":1256,"height":1256},{"@type":"BreadcrumbList","@id":"https:\/\/www.mtlghouse.ca\/en\/product\/oeillet-dinde-french-marigold\/#breadcrumb","itemListElement":[{"@type":"ListItem","position":1,"name":"Home","item":"https:\/\/www.mtlghouse.ca\/en\/"},{"@type":"ListItem","position":2,"name":"Produits","item":"https:\/\/www.mtlghouse.ca\/en\/products-order\/"},{"@type":"ListItem","position":3,"name":"\u0152illet d\u2019Inde &#8211; French Marigold"}]},{"@type":"WebSite","@id":"https:\/\/www.mtlghouse.ca\/en\/#website","url":"https:\/\/www.mtlghouse.ca\/en\/","name":"Montreal Urban Greenhouse","description":"A hub for urban farming","potentialAction":[{"@type":"SearchAction","target":{"@type":"EntryPoint","urlTemplate":"https:\/\/www.mtlghouse.ca\/en\/?s={search_term_string}"},"query-input":{"@type":"PropertyValueSpecification","valueRequired":true,"valueName":"search_term_string"}}],"inLanguage":"en-US"}]}},"jetpack_sharing_enabled":true,"_links":{"self":[{"href":"https:\/\/www.mtlghouse.ca\/en\/wp-json\/wp\/v2\/product\/52920","targetHints":{"allow":["GET"]}}],"collection":[{"href":"https:\/\/www.mtlghouse.ca\/en\/wp-json\/wp\/v2\/product"}],"about":[{"href":"https:\/\/www.mtlghouse.ca\/en\/wp-json\/wp\/v2\/types\/product"}],"replies":[{"embeddable":true,"href":"https:\/\/www.mtlghouse.ca\/en\/wp-json\/wp\/v2\/comments?post=52920"}],"wp:featuredmedia":[{"embeddable":true,"href":"https:\/\/www.mtlghouse.ca\/en\/wp-json\/wp\/v2\/media\/52573"}],"wp:attachment":[{"href":"https:\/\/www.mtlghouse.ca\/en\/wp-json\/wp\/v2\/media?parent=52920"}],"wp:term":[{"taxonomy":"product_brand","embeddable":true,"href":"https:\/\/www.mtlghouse.ca\/en\/wp-json\/wp\/v2\/product_brand?post=52920"},{"taxonomy":"product_cat","embeddable":true,"href":"https:\/\/www.mtlghouse.ca\/en\/wp-json\/wp\/v2\/product_cat?post=52920"},{"taxonomy":"product_tag","embeddable":true,"href":"https:\/\/www.mtlghouse.ca\/en\/wp-json\/wp\/v2\/product_tag?post=52920"}],"curies":[{"name":"wp","href":"https:\/\/api.w.org\/{rel}","templated":true}]}}