{"id":52919,"date":"2026-04-17T16:19:48","date_gmt":"2026-04-17T20:19:48","guid":{"rendered":"https:\/\/www.mtlghouse.ca\/product\/souci-blanc-white-marigold\/"},"modified":"2026-04-28T14:14:56","modified_gmt":"2026-04-28T18:14:56","slug":"souci-blanc-white-marigold","status":"publish","type":"product","link":"https:\/\/www.mtlghouse.ca\/en\/product\/souci-blanc-white-marigold\/","title":{"rendered":"Souci Blanc &#8211; White Marigold"},"content":{"rendered":"","protected":false},"excerpt":{"rendered":"<p>Les soucis blancs sont une vari\u00e9t\u00e9 \u00e9l\u00e9gante offrant des fleurs lumineuses aux teintes cr\u00e8me \u00e0 blanc pur. Faciles \u00e0 cultiver, ils fleurissent abondamment tout l\u2019\u00e9t\u00e9 et peuvent aider \u00e0 \u00e9loigner de nombreux insectes nuisibles, tout en apportant une touche douce et raffin\u00e9e aux jardins et potagers.<\/p>\n<p><em>Remarque: Les plantes peuvent varier et ne pas correspondre exactement \u00e0 la photo<\/em><\/p>\n<p>White marigolds are an elegant variety featuring soft blooms in creamy white to pure white tones. Easy to grow, they flower abundantly all summer and can help deter many garden pests, while adding a soft, refined touch to gardens and vegetable beds.<\/p>\n<p><em>Note: Plants may vary and may not match the photo exactly<\/em><\/p>\n","protected":false},"featured_media":52570,"comment_status":"open","ping_status":"closed","template":"","meta":[],"product_brand":[],"product_cat":[263],"product_tag":[],"class_list":{"0":"post-52919","1":"product","2":"type-product","3":"status-publish","4":"has-post-thumbnail","6":"product_cat-fleurs-annuelles-annual-flowers-2","8":"first","9":"instock","10":"purchasable","11":"product-type-simple"},"yoast_head":"<!-- This site is optimized with the Yoast SEO Premium plugin v27.4 (Yoast SEO v27.4) - https:\/\/yoast.com\/product\/yoast-seo-premium-wordpress\/ -->\n<title>Souci Blanc - White Marigold - Montreal Urban Greenhouse<\/title>\n<meta name=\"robots\" content=\"index, follow, max-snippet:-1, max-image-preview:large, max-video-preview:-1\" \/>\n<link rel=\"canonical\" href=\"https:\/\/www.mtlghouse.ca\/en\/product\/souci-blanc-white-marigold\/\" \/>\n<meta property=\"og:locale\" content=\"en_US\" \/>\n<meta property=\"og:type\" content=\"article\" \/>\n<meta property=\"og:title\" content=\"Souci Blanc - White Marigold\" \/>\n<meta property=\"og:description\" content=\"Les soucis blancs sont une vari\u00e9t\u00e9 \u00e9l\u00e9gante offrant des fleurs lumineuses aux teintes cr\u00e8me \u00e0 blanc pur. Faciles \u00e0 cultiver, ils fleurissent abondamment tout l\u2019\u00e9t\u00e9 et peuvent aider \u00e0 \u00e9loigner de nombreux insectes nuisibles, tout en apportant une touche douce et raffin\u00e9e aux jardins et potagers.  Remarque: Les plantes peuvent varier et ne pas correspondre exactement \u00e0 la photo  White marigolds are an elegant variety featuring soft blooms in creamy white to pure white tones. Easy to grow, they flower abundantly all summer and can help deter many garden pests, while adding a soft, refined touch to gardens and vegetable beds.  Note: Plants may vary and may not match the photo exactly\" \/>\n<meta property=\"og:url\" content=\"https:\/\/www.mtlghouse.ca\/en\/product\/souci-blanc-white-marigold\/\" \/>\n<meta property=\"og:site_name\" content=\"Montreal Urban Greenhouse\" \/>\n<meta property=\"article:modified_time\" content=\"2026-04-28T18:14:56+00:00\" \/>\n<meta property=\"og:image\" content=\"https:\/\/www.mtlghouse.ca\/wp-content\/uploads\/2026\/04\/ChatGPT-Image-Apr-16-2026-at-10_09_51-PM-1-1024x683.png\" \/>\n\t<meta property=\"og:image:width\" content=\"1024\" \/>\n\t<meta property=\"og:image:height\" content=\"683\" \/>\n\t<meta property=\"og:image:type\" content=\"image\/png\" \/>\n<meta name=\"twitter:card\" content=\"summary_large_image\" \/>\n<script type=\"application\/ld+json\" class=\"yoast-schema-graph\">{\"@context\":\"https:\\\/\\\/schema.org\",\"@graph\":[{\"@type\":\"WebPage\",\"@id\":\"https:\\\/\\\/www.mtlghouse.ca\\\/en\\\/product\\\/souci-blanc-white-marigold\\\/\",\"url\":\"https:\\\/\\\/www.mtlghouse.ca\\\/en\\\/product\\\/souci-blanc-white-marigold\\\/\",\"name\":\"Souci Blanc - White Marigold - Montreal Urban Greenhouse\",\"isPartOf\":{\"@id\":\"https:\\\/\\\/www.mtlghouse.ca\\\/en\\\/#website\"},\"primaryImageOfPage\":{\"@id\":\"https:\\\/\\\/www.mtlghouse.ca\\\/en\\\/product\\\/souci-blanc-white-marigold\\\/#primaryimage\"},\"image\":{\"@id\":\"https:\\\/\\\/www.mtlghouse.ca\\\/en\\\/product\\\/souci-blanc-white-marigold\\\/#primaryimage\"},\"thumbnailUrl\":\"https:\\\/\\\/www.mtlghouse.ca\\\/wp-content\\\/uploads\\\/2026\\\/04\\\/ChatGPT-Image-Apr-16-2026-at-10_09_51-PM-1.png\",\"datePublished\":\"2026-04-17T20:19:48+00:00\",\"dateModified\":\"2026-04-28T18:14:56+00:00\",\"breadcrumb\":{\"@id\":\"https:\\\/\\\/www.mtlghouse.ca\\\/en\\\/product\\\/souci-blanc-white-marigold\\\/#breadcrumb\"},\"inLanguage\":\"en-US\",\"potentialAction\":[{\"@type\":\"ReadAction\",\"target\":[\"https:\\\/\\\/www.mtlghouse.ca\\\/en\\\/product\\\/souci-blanc-white-marigold\\\/\"]}]},{\"@type\":\"ImageObject\",\"inLanguage\":\"en-US\",\"@id\":\"https:\\\/\\\/www.mtlghouse.ca\\\/en\\\/product\\\/souci-blanc-white-marigold\\\/#primaryimage\",\"url\":\"https:\\\/\\\/www.mtlghouse.ca\\\/wp-content\\\/uploads\\\/2026\\\/04\\\/ChatGPT-Image-Apr-16-2026-at-10_09_51-PM-1.png\",\"contentUrl\":\"https:\\\/\\\/www.mtlghouse.ca\\\/wp-content\\\/uploads\\\/2026\\\/04\\\/ChatGPT-Image-Apr-16-2026-at-10_09_51-PM-1.png\",\"width\":1536,\"height\":1024},{\"@type\":\"BreadcrumbList\",\"@id\":\"https:\\\/\\\/www.mtlghouse.ca\\\/en\\\/product\\\/souci-blanc-white-marigold\\\/#breadcrumb\",\"itemListElement\":[{\"@type\":\"ListItem\",\"position\":1,\"name\":\"Home\",\"item\":\"https:\\\/\\\/www.mtlghouse.ca\\\/en\\\/\"},{\"@type\":\"ListItem\",\"position\":2,\"name\":\"Produits\",\"item\":\"https:\\\/\\\/www.mtlghouse.ca\\\/en\\\/products-order\\\/\"},{\"@type\":\"ListItem\",\"position\":3,\"name\":\"Souci Blanc &#8211; White Marigold\"}]},{\"@type\":\"WebSite\",\"@id\":\"https:\\\/\\\/www.mtlghouse.ca\\\/en\\\/#website\",\"url\":\"https:\\\/\\\/www.mtlghouse.ca\\\/en\\\/\",\"name\":\"Montreal Urban Greenhouse\",\"description\":\"A hub for urban farming\",\"potentialAction\":[{\"@type\":\"SearchAction\",\"target\":{\"@type\":\"EntryPoint\",\"urlTemplate\":\"https:\\\/\\\/www.mtlghouse.ca\\\/en\\\/?s={search_term_string}\"},\"query-input\":{\"@type\":\"PropertyValueSpecification\",\"valueRequired\":true,\"valueName\":\"search_term_string\"}}],\"inLanguage\":\"en-US\"}]}<\/script>\n<!-- \/ Yoast SEO Premium plugin. -->","yoast_head_json":{"title":"Souci Blanc - White Marigold - Montreal Urban Greenhouse","robots":{"index":"index","follow":"follow","max-snippet":"max-snippet:-1","max-image-preview":"max-image-preview:large","max-video-preview":"max-video-preview:-1"},"canonical":"https:\/\/www.mtlghouse.ca\/en\/product\/souci-blanc-white-marigold\/","og_locale":"en_US","og_type":"article","og_title":"Souci Blanc - White Marigold","og_description":"Les soucis blancs sont une vari\u00e9t\u00e9 \u00e9l\u00e9gante offrant des fleurs lumineuses aux teintes cr\u00e8me \u00e0 blanc pur. Faciles \u00e0 cultiver, ils fleurissent abondamment tout l\u2019\u00e9t\u00e9 et peuvent aider \u00e0 \u00e9loigner de nombreux insectes nuisibles, tout en apportant une touche douce et raffin\u00e9e aux jardins et potagers.  Remarque: Les plantes peuvent varier et ne pas correspondre exactement \u00e0 la photo  White marigolds are an elegant variety featuring soft blooms in creamy white to pure white tones. Easy to grow, they flower abundantly all summer and can help deter many garden pests, while adding a soft, refined touch to gardens and vegetable beds.  Note: Plants may vary and may not match the photo exactly","og_url":"https:\/\/www.mtlghouse.ca\/en\/product\/souci-blanc-white-marigold\/","og_site_name":"Montreal Urban Greenhouse","article_modified_time":"2026-04-28T18:14:56+00:00","og_image":[{"width":1024,"height":683,"url":"https:\/\/www.mtlghouse.ca\/wp-content\/uploads\/2026\/04\/ChatGPT-Image-Apr-16-2026-at-10_09_51-PM-1-1024x683.png","type":"image\/png"}],"twitter_card":"summary_large_image","schema":{"@context":"https:\/\/schema.org","@graph":[{"@type":"WebPage","@id":"https:\/\/www.mtlghouse.ca\/en\/product\/souci-blanc-white-marigold\/","url":"https:\/\/www.mtlghouse.ca\/en\/product\/souci-blanc-white-marigold\/","name":"Souci Blanc - White Marigold - Montreal Urban Greenhouse","isPartOf":{"@id":"https:\/\/www.mtlghouse.ca\/en\/#website"},"primaryImageOfPage":{"@id":"https:\/\/www.mtlghouse.ca\/en\/product\/souci-blanc-white-marigold\/#primaryimage"},"image":{"@id":"https:\/\/www.mtlghouse.ca\/en\/product\/souci-blanc-white-marigold\/#primaryimage"},"thumbnailUrl":"https:\/\/www.mtlghouse.ca\/wp-content\/uploads\/2026\/04\/ChatGPT-Image-Apr-16-2026-at-10_09_51-PM-1.png","datePublished":"2026-04-17T20:19:48+00:00","dateModified":"2026-04-28T18:14:56+00:00","breadcrumb":{"@id":"https:\/\/www.mtlghouse.ca\/en\/product\/souci-blanc-white-marigold\/#breadcrumb"},"inLanguage":"en-US","potentialAction":[{"@type":"ReadAction","target":["https:\/\/www.mtlghouse.ca\/en\/product\/souci-blanc-white-marigold\/"]}]},{"@type":"ImageObject","inLanguage":"en-US","@id":"https:\/\/www.mtlghouse.ca\/en\/product\/souci-blanc-white-marigold\/#primaryimage","url":"https:\/\/www.mtlghouse.ca\/wp-content\/uploads\/2026\/04\/ChatGPT-Image-Apr-16-2026-at-10_09_51-PM-1.png","contentUrl":"https:\/\/www.mtlghouse.ca\/wp-content\/uploads\/2026\/04\/ChatGPT-Image-Apr-16-2026-at-10_09_51-PM-1.png","width":1536,"height":1024},{"@type":"BreadcrumbList","@id":"https:\/\/www.mtlghouse.ca\/en\/product\/souci-blanc-white-marigold\/#breadcrumb","itemListElement":[{"@type":"ListItem","position":1,"name":"Home","item":"https:\/\/www.mtlghouse.ca\/en\/"},{"@type":"ListItem","position":2,"name":"Produits","item":"https:\/\/www.mtlghouse.ca\/en\/products-order\/"},{"@type":"ListItem","position":3,"name":"Souci Blanc &#8211; White Marigold"}]},{"@type":"WebSite","@id":"https:\/\/www.mtlghouse.ca\/en\/#website","url":"https:\/\/www.mtlghouse.ca\/en\/","name":"Montreal Urban Greenhouse","description":"A hub for urban farming","potentialAction":[{"@type":"SearchAction","target":{"@type":"EntryPoint","urlTemplate":"https:\/\/www.mtlghouse.ca\/en\/?s={search_term_string}"},"query-input":{"@type":"PropertyValueSpecification","valueRequired":true,"valueName":"search_term_string"}}],"inLanguage":"en-US"}]}},"jetpack_sharing_enabled":true,"_links":{"self":[{"href":"https:\/\/www.mtlghouse.ca\/en\/wp-json\/wp\/v2\/product\/52919","targetHints":{"allow":["GET"]}}],"collection":[{"href":"https:\/\/www.mtlghouse.ca\/en\/wp-json\/wp\/v2\/product"}],"about":[{"href":"https:\/\/www.mtlghouse.ca\/en\/wp-json\/wp\/v2\/types\/product"}],"replies":[{"embeddable":true,"href":"https:\/\/www.mtlghouse.ca\/en\/wp-json\/wp\/v2\/comments?post=52919"}],"wp:featuredmedia":[{"embeddable":true,"href":"https:\/\/www.mtlghouse.ca\/en\/wp-json\/wp\/v2\/media\/52570"}],"wp:attachment":[{"href":"https:\/\/www.mtlghouse.ca\/en\/wp-json\/wp\/v2\/media?parent=52919"}],"wp:term":[{"taxonomy":"product_brand","embeddable":true,"href":"https:\/\/www.mtlghouse.ca\/en\/wp-json\/wp\/v2\/product_brand?post=52919"},{"taxonomy":"product_cat","embeddable":true,"href":"https:\/\/www.mtlghouse.ca\/en\/wp-json\/wp\/v2\/product_cat?post=52919"},{"taxonomy":"product_tag","embeddable":true,"href":"https:\/\/www.mtlghouse.ca\/en\/wp-json\/wp\/v2\/product_tag?post=52919"}],"curies":[{"name":"wp","href":"https:\/\/api.w.org\/{rel}","templated":true}]}}