{"id":52918,"date":"2026-04-17T16:19:48","date_gmt":"2026-04-17T20:19:48","guid":{"rendered":"https:\/\/www.mtlghouse.ca\/product\/souci-marigold\/"},"modified":"2026-04-28T14:14:52","modified_gmt":"2026-04-28T18:14:52","slug":"souci-marigold","status":"publish","type":"product","link":"https:\/\/www.mtlghouse.ca\/en\/product\/souci-marigold\/","title":{"rendered":"Souci &#8211; Marigold"},"content":{"rendered":"<p>Les soucis sont des fleurs annuelles lumineuses reconnues pour leurs teintes chaudes allant du jaune dor\u00e9 \u00e0 l\u2019orange profond. Faciles \u00e0 cultiver, ils fleurissent abondamment tout l\u2019\u00e9t\u00e9 et peuvent aider \u00e0 \u00e9loigner de nombreux insectes nuisibles, ce qui en fait un excellent choix pour les jardins et potagers.<\/p>\n<p><em>Remarque: Les plantes peuvent varier et ne pas correspondre exactement \u00e0 la photo. <\/em><\/p>\n<p>Marigolds are bright annual flowers known for their warm shades ranging from golden yellow to deep orange. Easy to grow, they bloom abundantly all summer and can help deter many garden pests, making them a great choice for gardens and vegetable beds.<\/p>\n<p><em>Note: Plants may vary and may not match the photo exactly<\/em><\/p>\n","protected":false},"excerpt":{"rendered":"<p>Les soucis sont des fleurs annuelles lumineuses reconnues pour leurs teintes chaudes allant du jaune dor\u00e9 \u00e0 l\u2019orange profond. Faciles \u00e0 cultiver, ils fleurissent abondamment tout l\u2019\u00e9t\u00e9 et peuvent aider \u00e0 \u00e9loigner de nombreux insectes nuisibles, ce qui en fait un excellent choix pour les jardins et potagers. Remarque: Les plantes peuvent varier et ne [&hellip;]<\/p>\n","protected":false},"featured_media":52565,"comment_status":"open","ping_status":"closed","template":"","meta":[],"product_brand":[],"product_cat":[263],"product_tag":[],"class_list":{"0":"post-52918","1":"product","2":"type-product","3":"status-publish","4":"has-post-thumbnail","6":"product_cat-fleurs-annuelles-annual-flowers-2","8":"first","9":"instock","10":"purchasable","11":"product-type-simple"},"yoast_head":"<!-- This site is optimized with the Yoast SEO Premium plugin v27.4 (Yoast SEO v27.4) - https:\/\/yoast.com\/product\/yoast-seo-premium-wordpress\/ -->\n<title>Souci - Marigold - Montreal Urban Greenhouse<\/title>\n<meta name=\"robots\" content=\"index, follow, max-snippet:-1, max-image-preview:large, max-video-preview:-1\" \/>\n<link rel=\"canonical\" href=\"https:\/\/www.mtlghouse.ca\/en\/product\/souci-marigold\/\" \/>\n<meta property=\"og:locale\" content=\"en_US\" \/>\n<meta property=\"og:type\" content=\"article\" \/>\n<meta property=\"og:title\" content=\"Souci - Marigold\" \/>\n<meta property=\"og:description\" content=\"Les soucis sont des fleurs annuelles lumineuses reconnues pour leurs teintes chaudes allant du jaune dor\u00e9 \u00e0 l\u2019orange profond. Faciles \u00e0 cultiver, ils fleurissent abondamment tout l\u2019\u00e9t\u00e9 et peuvent aider \u00e0 \u00e9loigner de nombreux insectes nuisibles, ce qui en fait un excellent choix pour les jardins et potagers. Remarque: Les plantes peuvent varier et ne [&hellip;]\" \/>\n<meta property=\"og:url\" content=\"https:\/\/www.mtlghouse.ca\/en\/product\/souci-marigold\/\" \/>\n<meta property=\"og:site_name\" content=\"Montreal Urban Greenhouse\" \/>\n<meta property=\"article:modified_time\" content=\"2026-04-28T18:14:52+00:00\" \/>\n<meta property=\"og:image\" content=\"https:\/\/www.mtlghouse.ca\/wp-content\/uploads\/2026\/04\/ChatGPT-Image-Apr-16-2026-at-10_05_34-PM-1024x683.png\" \/>\n\t<meta property=\"og:image:width\" content=\"1024\" \/>\n\t<meta property=\"og:image:height\" content=\"683\" \/>\n\t<meta property=\"og:image:type\" content=\"image\/png\" \/>\n<meta name=\"twitter:card\" content=\"summary_large_image\" \/>\n<meta name=\"twitter:label1\" content=\"Est. reading time\" \/>\n\t<meta name=\"twitter:data1\" content=\"1 minute\" \/>\n<script type=\"application\/ld+json\" class=\"yoast-schema-graph\">{\"@context\":\"https:\\\/\\\/schema.org\",\"@graph\":[{\"@type\":\"WebPage\",\"@id\":\"https:\\\/\\\/www.mtlghouse.ca\\\/en\\\/product\\\/souci-marigold\\\/\",\"url\":\"https:\\\/\\\/www.mtlghouse.ca\\\/en\\\/product\\\/souci-marigold\\\/\",\"name\":\"Souci - Marigold - Montreal Urban Greenhouse\",\"isPartOf\":{\"@id\":\"https:\\\/\\\/www.mtlghouse.ca\\\/en\\\/#website\"},\"primaryImageOfPage\":{\"@id\":\"https:\\\/\\\/www.mtlghouse.ca\\\/en\\\/product\\\/souci-marigold\\\/#primaryimage\"},\"image\":{\"@id\":\"https:\\\/\\\/www.mtlghouse.ca\\\/en\\\/product\\\/souci-marigold\\\/#primaryimage\"},\"thumbnailUrl\":\"https:\\\/\\\/www.mtlghouse.ca\\\/wp-content\\\/uploads\\\/2026\\\/04\\\/ChatGPT-Image-Apr-16-2026-at-10_05_34-PM.png\",\"datePublished\":\"2026-04-17T20:19:48+00:00\",\"dateModified\":\"2026-04-28T18:14:52+00:00\",\"breadcrumb\":{\"@id\":\"https:\\\/\\\/www.mtlghouse.ca\\\/en\\\/product\\\/souci-marigold\\\/#breadcrumb\"},\"inLanguage\":\"en-US\",\"potentialAction\":[{\"@type\":\"ReadAction\",\"target\":[\"https:\\\/\\\/www.mtlghouse.ca\\\/en\\\/product\\\/souci-marigold\\\/\"]}]},{\"@type\":\"ImageObject\",\"inLanguage\":\"en-US\",\"@id\":\"https:\\\/\\\/www.mtlghouse.ca\\\/en\\\/product\\\/souci-marigold\\\/#primaryimage\",\"url\":\"https:\\\/\\\/www.mtlghouse.ca\\\/wp-content\\\/uploads\\\/2026\\\/04\\\/ChatGPT-Image-Apr-16-2026-at-10_05_34-PM.png\",\"contentUrl\":\"https:\\\/\\\/www.mtlghouse.ca\\\/wp-content\\\/uploads\\\/2026\\\/04\\\/ChatGPT-Image-Apr-16-2026-at-10_05_34-PM.png\",\"width\":1536,\"height\":1024},{\"@type\":\"BreadcrumbList\",\"@id\":\"https:\\\/\\\/www.mtlghouse.ca\\\/en\\\/product\\\/souci-marigold\\\/#breadcrumb\",\"itemListElement\":[{\"@type\":\"ListItem\",\"position\":1,\"name\":\"Home\",\"item\":\"https:\\\/\\\/www.mtlghouse.ca\\\/en\\\/\"},{\"@type\":\"ListItem\",\"position\":2,\"name\":\"Produits\",\"item\":\"https:\\\/\\\/www.mtlghouse.ca\\\/en\\\/products-order\\\/\"},{\"@type\":\"ListItem\",\"position\":3,\"name\":\"Souci &#8211; Marigold\"}]},{\"@type\":\"WebSite\",\"@id\":\"https:\\\/\\\/www.mtlghouse.ca\\\/en\\\/#website\",\"url\":\"https:\\\/\\\/www.mtlghouse.ca\\\/en\\\/\",\"name\":\"Montreal Urban Greenhouse\",\"description\":\"A hub for urban farming\",\"potentialAction\":[{\"@type\":\"SearchAction\",\"target\":{\"@type\":\"EntryPoint\",\"urlTemplate\":\"https:\\\/\\\/www.mtlghouse.ca\\\/en\\\/?s={search_term_string}\"},\"query-input\":{\"@type\":\"PropertyValueSpecification\",\"valueRequired\":true,\"valueName\":\"search_term_string\"}}],\"inLanguage\":\"en-US\"}]}<\/script>\n<!-- \/ Yoast SEO Premium plugin. -->","yoast_head_json":{"title":"Souci - Marigold - Montreal Urban Greenhouse","robots":{"index":"index","follow":"follow","max-snippet":"max-snippet:-1","max-image-preview":"max-image-preview:large","max-video-preview":"max-video-preview:-1"},"canonical":"https:\/\/www.mtlghouse.ca\/en\/product\/souci-marigold\/","og_locale":"en_US","og_type":"article","og_title":"Souci - Marigold","og_description":"Les soucis sont des fleurs annuelles lumineuses reconnues pour leurs teintes chaudes allant du jaune dor\u00e9 \u00e0 l\u2019orange profond. Faciles \u00e0 cultiver, ils fleurissent abondamment tout l\u2019\u00e9t\u00e9 et peuvent aider \u00e0 \u00e9loigner de nombreux insectes nuisibles, ce qui en fait un excellent choix pour les jardins et potagers. Remarque: Les plantes peuvent varier et ne [&hellip;]","og_url":"https:\/\/www.mtlghouse.ca\/en\/product\/souci-marigold\/","og_site_name":"Montreal Urban Greenhouse","article_modified_time":"2026-04-28T18:14:52+00:00","og_image":[{"width":1024,"height":683,"url":"https:\/\/www.mtlghouse.ca\/wp-content\/uploads\/2026\/04\/ChatGPT-Image-Apr-16-2026-at-10_05_34-PM-1024x683.png","type":"image\/png"}],"twitter_card":"summary_large_image","twitter_misc":{"Est. reading time":"1 minute"},"schema":{"@context":"https:\/\/schema.org","@graph":[{"@type":"WebPage","@id":"https:\/\/www.mtlghouse.ca\/en\/product\/souci-marigold\/","url":"https:\/\/www.mtlghouse.ca\/en\/product\/souci-marigold\/","name":"Souci - Marigold - Montreal Urban Greenhouse","isPartOf":{"@id":"https:\/\/www.mtlghouse.ca\/en\/#website"},"primaryImageOfPage":{"@id":"https:\/\/www.mtlghouse.ca\/en\/product\/souci-marigold\/#primaryimage"},"image":{"@id":"https:\/\/www.mtlghouse.ca\/en\/product\/souci-marigold\/#primaryimage"},"thumbnailUrl":"https:\/\/www.mtlghouse.ca\/wp-content\/uploads\/2026\/04\/ChatGPT-Image-Apr-16-2026-at-10_05_34-PM.png","datePublished":"2026-04-17T20:19:48+00:00","dateModified":"2026-04-28T18:14:52+00:00","breadcrumb":{"@id":"https:\/\/www.mtlghouse.ca\/en\/product\/souci-marigold\/#breadcrumb"},"inLanguage":"en-US","potentialAction":[{"@type":"ReadAction","target":["https:\/\/www.mtlghouse.ca\/en\/product\/souci-marigold\/"]}]},{"@type":"ImageObject","inLanguage":"en-US","@id":"https:\/\/www.mtlghouse.ca\/en\/product\/souci-marigold\/#primaryimage","url":"https:\/\/www.mtlghouse.ca\/wp-content\/uploads\/2026\/04\/ChatGPT-Image-Apr-16-2026-at-10_05_34-PM.png","contentUrl":"https:\/\/www.mtlghouse.ca\/wp-content\/uploads\/2026\/04\/ChatGPT-Image-Apr-16-2026-at-10_05_34-PM.png","width":1536,"height":1024},{"@type":"BreadcrumbList","@id":"https:\/\/www.mtlghouse.ca\/en\/product\/souci-marigold\/#breadcrumb","itemListElement":[{"@type":"ListItem","position":1,"name":"Home","item":"https:\/\/www.mtlghouse.ca\/en\/"},{"@type":"ListItem","position":2,"name":"Produits","item":"https:\/\/www.mtlghouse.ca\/en\/products-order\/"},{"@type":"ListItem","position":3,"name":"Souci &#8211; Marigold"}]},{"@type":"WebSite","@id":"https:\/\/www.mtlghouse.ca\/en\/#website","url":"https:\/\/www.mtlghouse.ca\/en\/","name":"Montreal Urban Greenhouse","description":"A hub for urban farming","potentialAction":[{"@type":"SearchAction","target":{"@type":"EntryPoint","urlTemplate":"https:\/\/www.mtlghouse.ca\/en\/?s={search_term_string}"},"query-input":{"@type":"PropertyValueSpecification","valueRequired":true,"valueName":"search_term_string"}}],"inLanguage":"en-US"}]}},"jetpack_sharing_enabled":true,"_links":{"self":[{"href":"https:\/\/www.mtlghouse.ca\/en\/wp-json\/wp\/v2\/product\/52918","targetHints":{"allow":["GET"]}}],"collection":[{"href":"https:\/\/www.mtlghouse.ca\/en\/wp-json\/wp\/v2\/product"}],"about":[{"href":"https:\/\/www.mtlghouse.ca\/en\/wp-json\/wp\/v2\/types\/product"}],"replies":[{"embeddable":true,"href":"https:\/\/www.mtlghouse.ca\/en\/wp-json\/wp\/v2\/comments?post=52918"}],"wp:featuredmedia":[{"embeddable":true,"href":"https:\/\/www.mtlghouse.ca\/en\/wp-json\/wp\/v2\/media\/52565"}],"wp:attachment":[{"href":"https:\/\/www.mtlghouse.ca\/en\/wp-json\/wp\/v2\/media?parent=52918"}],"wp:term":[{"taxonomy":"product_brand","embeddable":true,"href":"https:\/\/www.mtlghouse.ca\/en\/wp-json\/wp\/v2\/product_brand?post=52918"},{"taxonomy":"product_cat","embeddable":true,"href":"https:\/\/www.mtlghouse.ca\/en\/wp-json\/wp\/v2\/product_cat?post=52918"},{"taxonomy":"product_tag","embeddable":true,"href":"https:\/\/www.mtlghouse.ca\/en\/wp-json\/wp\/v2\/product_tag?post=52918"}],"curies":[{"name":"wp","href":"https:\/\/api.w.org\/{rel}","templated":true}]}}