{"id":52916,"date":"2026-04-17T16:19:20","date_gmt":"2026-04-17T20:19:20","guid":{"rendered":"https:\/\/www.mtlghouse.ca\/product\/zinnias\/"},"modified":"2026-04-28T14:15:07","modified_gmt":"2026-04-28T18:15:07","slug":"zinnias","status":"publish","type":"product","link":"https:\/\/www.mtlghouse.ca\/en\/product\/zinnias\/","title":{"rendered":"Zinnias"},"content":{"rendered":"","protected":false},"excerpt":{"rendered":"<p>Les zinnias sont des fleurs \u00e9clatantes et faciles \u00e0 cultiver, appr\u00e9ci\u00e9es pour leurs couleurs vives et leur floraison abondante tout au long de l\u2019\u00e9t\u00e9. Elles attirent les papillons et ajoutent instantan\u00e9ment de la vie et de la couleur aux jardins et plates-bandes.<\/p>\n<p><em>Remarque: Les plantes peuvent varier et peuvent ne pas correspondre exactement \u00e0 la photo.<\/em><\/p>\n<p>Zinnias are vibrant, easy-to-grow flowers known for their bright colors and long-lasting blooms throughout the summer. They attract butterflies and instantly add life and color to garden beds<\/p>\n<p><em>Note: Plants may vary and may not match the photo.<\/em><\/p>\n<p>&nbsp;<\/p>\n","protected":false},"featured_media":52555,"comment_status":"open","ping_status":"closed","template":"","meta":[],"product_brand":[],"product_cat":[263],"product_tag":[],"class_list":{"0":"post-52916","1":"product","2":"type-product","3":"status-publish","4":"has-post-thumbnail","6":"product_cat-fleurs-annuelles-annual-flowers-2","8":"first","9":"instock","10":"purchasable","11":"product-type-simple"},"yoast_head":"<!-- This site is optimized with the Yoast SEO Premium plugin v27.4 (Yoast SEO v27.4) - https:\/\/yoast.com\/product\/yoast-seo-premium-wordpress\/ -->\n<title>Zinnias - Montreal Urban Greenhouse<\/title>\n<meta name=\"robots\" content=\"index, follow, max-snippet:-1, max-image-preview:large, max-video-preview:-1\" \/>\n<link rel=\"canonical\" href=\"https:\/\/www.mtlghouse.ca\/en\/product\/zinnias\/\" \/>\n<meta property=\"og:locale\" content=\"en_US\" \/>\n<meta property=\"og:type\" content=\"article\" \/>\n<meta property=\"og:title\" content=\"Zinnias\" \/>\n<meta property=\"og:description\" content=\"Les zinnias sont des fleurs \u00e9clatantes et faciles \u00e0 cultiver, appr\u00e9ci\u00e9es pour leurs couleurs vives et leur floraison abondante tout au long de l\u2019\u00e9t\u00e9. Elles attirent les papillons et ajoutent instantan\u00e9ment de la vie et de la couleur aux jardins et plates-bandes.  Remarque: Les plantes peuvent varier et peuvent ne pas correspondre exactement \u00e0 la photo.  Zinnias are vibrant, easy-to-grow flowers known for their bright colors and long-lasting blooms throughout the summer. They attract butterflies and instantly add life and color to garden beds  Note: Plants may vary and may not match the photo.  &nbsp;\" \/>\n<meta property=\"og:url\" content=\"https:\/\/www.mtlghouse.ca\/en\/product\/zinnias\/\" \/>\n<meta property=\"og:site_name\" content=\"Montreal Urban Greenhouse\" \/>\n<meta property=\"article:modified_time\" content=\"2026-04-28T18:15:07+00:00\" \/>\n<meta property=\"og:image\" content=\"https:\/\/www.mtlghouse.ca\/wp-content\/uploads\/2026\/04\/ChatGPT-Image-Apr-16-2026-at-08_59_26-PM-1024x683.png\" \/>\n\t<meta property=\"og:image:width\" content=\"1024\" \/>\n\t<meta property=\"og:image:height\" content=\"683\" \/>\n\t<meta property=\"og:image:type\" content=\"image\/png\" \/>\n<meta name=\"twitter:card\" content=\"summary_large_image\" \/>\n<script type=\"application\/ld+json\" class=\"yoast-schema-graph\">{\"@context\":\"https:\\\/\\\/schema.org\",\"@graph\":[{\"@type\":\"WebPage\",\"@id\":\"https:\\\/\\\/www.mtlghouse.ca\\\/en\\\/product\\\/zinnias\\\/\",\"url\":\"https:\\\/\\\/www.mtlghouse.ca\\\/en\\\/product\\\/zinnias\\\/\",\"name\":\"Zinnias - Montreal Urban Greenhouse\",\"isPartOf\":{\"@id\":\"https:\\\/\\\/www.mtlghouse.ca\\\/en\\\/#website\"},\"primaryImageOfPage\":{\"@id\":\"https:\\\/\\\/www.mtlghouse.ca\\\/en\\\/product\\\/zinnias\\\/#primaryimage\"},\"image\":{\"@id\":\"https:\\\/\\\/www.mtlghouse.ca\\\/en\\\/product\\\/zinnias\\\/#primaryimage\"},\"thumbnailUrl\":\"https:\\\/\\\/www.mtlghouse.ca\\\/wp-content\\\/uploads\\\/2026\\\/04\\\/ChatGPT-Image-Apr-16-2026-at-08_59_26-PM.png\",\"datePublished\":\"2026-04-17T20:19:20+00:00\",\"dateModified\":\"2026-04-28T18:15:07+00:00\",\"breadcrumb\":{\"@id\":\"https:\\\/\\\/www.mtlghouse.ca\\\/en\\\/product\\\/zinnias\\\/#breadcrumb\"},\"inLanguage\":\"en-US\",\"potentialAction\":[{\"@type\":\"ReadAction\",\"target\":[\"https:\\\/\\\/www.mtlghouse.ca\\\/en\\\/product\\\/zinnias\\\/\"]}]},{\"@type\":\"ImageObject\",\"inLanguage\":\"en-US\",\"@id\":\"https:\\\/\\\/www.mtlghouse.ca\\\/en\\\/product\\\/zinnias\\\/#primaryimage\",\"url\":\"https:\\\/\\\/www.mtlghouse.ca\\\/wp-content\\\/uploads\\\/2026\\\/04\\\/ChatGPT-Image-Apr-16-2026-at-08_59_26-PM.png\",\"contentUrl\":\"https:\\\/\\\/www.mtlghouse.ca\\\/wp-content\\\/uploads\\\/2026\\\/04\\\/ChatGPT-Image-Apr-16-2026-at-08_59_26-PM.png\",\"width\":1536,\"height\":1024},{\"@type\":\"BreadcrumbList\",\"@id\":\"https:\\\/\\\/www.mtlghouse.ca\\\/en\\\/product\\\/zinnias\\\/#breadcrumb\",\"itemListElement\":[{\"@type\":\"ListItem\",\"position\":1,\"name\":\"Home\",\"item\":\"https:\\\/\\\/www.mtlghouse.ca\\\/en\\\/\"},{\"@type\":\"ListItem\",\"position\":2,\"name\":\"Produits\",\"item\":\"https:\\\/\\\/www.mtlghouse.ca\\\/en\\\/products-order\\\/\"},{\"@type\":\"ListItem\",\"position\":3,\"name\":\"Zinnias\"}]},{\"@type\":\"WebSite\",\"@id\":\"https:\\\/\\\/www.mtlghouse.ca\\\/en\\\/#website\",\"url\":\"https:\\\/\\\/www.mtlghouse.ca\\\/en\\\/\",\"name\":\"Montreal Urban Greenhouse\",\"description\":\"A hub for urban farming\",\"potentialAction\":[{\"@type\":\"SearchAction\",\"target\":{\"@type\":\"EntryPoint\",\"urlTemplate\":\"https:\\\/\\\/www.mtlghouse.ca\\\/en\\\/?s={search_term_string}\"},\"query-input\":{\"@type\":\"PropertyValueSpecification\",\"valueRequired\":true,\"valueName\":\"search_term_string\"}}],\"inLanguage\":\"en-US\"}]}<\/script>\n<!-- \/ Yoast SEO Premium plugin. -->","yoast_head_json":{"title":"Zinnias - Montreal Urban Greenhouse","robots":{"index":"index","follow":"follow","max-snippet":"max-snippet:-1","max-image-preview":"max-image-preview:large","max-video-preview":"max-video-preview:-1"},"canonical":"https:\/\/www.mtlghouse.ca\/en\/product\/zinnias\/","og_locale":"en_US","og_type":"article","og_title":"Zinnias","og_description":"Les zinnias sont des fleurs \u00e9clatantes et faciles \u00e0 cultiver, appr\u00e9ci\u00e9es pour leurs couleurs vives et leur floraison abondante tout au long de l\u2019\u00e9t\u00e9. Elles attirent les papillons et ajoutent instantan\u00e9ment de la vie et de la couleur aux jardins et plates-bandes.  Remarque: Les plantes peuvent varier et peuvent ne pas correspondre exactement \u00e0 la photo.  Zinnias are vibrant, easy-to-grow flowers known for their bright colors and long-lasting blooms throughout the summer. They attract butterflies and instantly add life and color to garden beds  Note: Plants may vary and may not match the photo.  &nbsp;","og_url":"https:\/\/www.mtlghouse.ca\/en\/product\/zinnias\/","og_site_name":"Montreal Urban Greenhouse","article_modified_time":"2026-04-28T18:15:07+00:00","og_image":[{"width":1024,"height":683,"url":"https:\/\/www.mtlghouse.ca\/wp-content\/uploads\/2026\/04\/ChatGPT-Image-Apr-16-2026-at-08_59_26-PM-1024x683.png","type":"image\/png"}],"twitter_card":"summary_large_image","schema":{"@context":"https:\/\/schema.org","@graph":[{"@type":"WebPage","@id":"https:\/\/www.mtlghouse.ca\/en\/product\/zinnias\/","url":"https:\/\/www.mtlghouse.ca\/en\/product\/zinnias\/","name":"Zinnias - Montreal Urban Greenhouse","isPartOf":{"@id":"https:\/\/www.mtlghouse.ca\/en\/#website"},"primaryImageOfPage":{"@id":"https:\/\/www.mtlghouse.ca\/en\/product\/zinnias\/#primaryimage"},"image":{"@id":"https:\/\/www.mtlghouse.ca\/en\/product\/zinnias\/#primaryimage"},"thumbnailUrl":"https:\/\/www.mtlghouse.ca\/wp-content\/uploads\/2026\/04\/ChatGPT-Image-Apr-16-2026-at-08_59_26-PM.png","datePublished":"2026-04-17T20:19:20+00:00","dateModified":"2026-04-28T18:15:07+00:00","breadcrumb":{"@id":"https:\/\/www.mtlghouse.ca\/en\/product\/zinnias\/#breadcrumb"},"inLanguage":"en-US","potentialAction":[{"@type":"ReadAction","target":["https:\/\/www.mtlghouse.ca\/en\/product\/zinnias\/"]}]},{"@type":"ImageObject","inLanguage":"en-US","@id":"https:\/\/www.mtlghouse.ca\/en\/product\/zinnias\/#primaryimage","url":"https:\/\/www.mtlghouse.ca\/wp-content\/uploads\/2026\/04\/ChatGPT-Image-Apr-16-2026-at-08_59_26-PM.png","contentUrl":"https:\/\/www.mtlghouse.ca\/wp-content\/uploads\/2026\/04\/ChatGPT-Image-Apr-16-2026-at-08_59_26-PM.png","width":1536,"height":1024},{"@type":"BreadcrumbList","@id":"https:\/\/www.mtlghouse.ca\/en\/product\/zinnias\/#breadcrumb","itemListElement":[{"@type":"ListItem","position":1,"name":"Home","item":"https:\/\/www.mtlghouse.ca\/en\/"},{"@type":"ListItem","position":2,"name":"Produits","item":"https:\/\/www.mtlghouse.ca\/en\/products-order\/"},{"@type":"ListItem","position":3,"name":"Zinnias"}]},{"@type":"WebSite","@id":"https:\/\/www.mtlghouse.ca\/en\/#website","url":"https:\/\/www.mtlghouse.ca\/en\/","name":"Montreal Urban Greenhouse","description":"A hub for urban farming","potentialAction":[{"@type":"SearchAction","target":{"@type":"EntryPoint","urlTemplate":"https:\/\/www.mtlghouse.ca\/en\/?s={search_term_string}"},"query-input":{"@type":"PropertyValueSpecification","valueRequired":true,"valueName":"search_term_string"}}],"inLanguage":"en-US"}]}},"jetpack_sharing_enabled":true,"_links":{"self":[{"href":"https:\/\/www.mtlghouse.ca\/en\/wp-json\/wp\/v2\/product\/52916","targetHints":{"allow":["GET"]}}],"collection":[{"href":"https:\/\/www.mtlghouse.ca\/en\/wp-json\/wp\/v2\/product"}],"about":[{"href":"https:\/\/www.mtlghouse.ca\/en\/wp-json\/wp\/v2\/types\/product"}],"replies":[{"embeddable":true,"href":"https:\/\/www.mtlghouse.ca\/en\/wp-json\/wp\/v2\/comments?post=52916"}],"wp:featuredmedia":[{"embeddable":true,"href":"https:\/\/www.mtlghouse.ca\/en\/wp-json\/wp\/v2\/media\/52555"}],"wp:attachment":[{"href":"https:\/\/www.mtlghouse.ca\/en\/wp-json\/wp\/v2\/media?parent=52916"}],"wp:term":[{"taxonomy":"product_brand","embeddable":true,"href":"https:\/\/www.mtlghouse.ca\/en\/wp-json\/wp\/v2\/product_brand?post=52916"},{"taxonomy":"product_cat","embeddable":true,"href":"https:\/\/www.mtlghouse.ca\/en\/wp-json\/wp\/v2\/product_cat?post=52916"},{"taxonomy":"product_tag","embeddable":true,"href":"https:\/\/www.mtlghouse.ca\/en\/wp-json\/wp\/v2\/product_tag?post=52916"}],"curies":[{"name":"wp","href":"https:\/\/api.w.org\/{rel}","templated":true}]}}