{"id":52913,"date":"2026-04-17T16:19:17","date_gmt":"2026-04-17T20:19:17","guid":{"rendered":"https:\/\/www.mtlghouse.ca\/product\/coleus\/"},"modified":"2026-04-28T14:16:08","modified_gmt":"2026-04-28T18:16:08","slug":"coleus","status":"publish","type":"product","link":"https:\/\/www.mtlghouse.ca\/en\/product\/coleus\/","title":{"rendered":"Col\u00e9us"},"content":{"rendered":"<p>Le col\u00e9us est une plante facile \u00e0 cultiver, appr\u00e9ci\u00e9e pour son feuillage \u00e9clatant et color\u00e9. Avec une grande vari\u00e9t\u00e9 de motifs et de teintes, il apporte du contraste et du dynamisme aux plates-bandes, jardini\u00e8res et espaces ext\u00e9rieurs. Il s\u2019\u00e9panouit \u00e0 la mi-ombre et est id\u00e9al pour illuminer un jardin sans effort.<\/p>\n<p><em>Remarque: Les plantes peuvent varier et ne pas correspondre exactement \u00e0 la photo.<\/em><\/p>\n<p>Coleus is a vibrant, easy-to-grow plant prized for its bold, colorful foliage. With a wide range of patterns and shades, it adds instant contrast and visual interest to garden beds, planters, and outdoor spaces. Thriving in partial shade, coleus is perfect for brightening any garden with minimal effort.<\/p>\n<p><em>\u00a0Note: Plants may vary and may not match the photo.<\/em><\/p>\n","protected":false},"excerpt":{"rendered":"<p>Le col\u00e9us est une plante facile \u00e0 cultiver, appr\u00e9ci\u00e9e pour son feuillage \u00e9clatant et color\u00e9. Avec une grande vari\u00e9t\u00e9 de motifs et de teintes, il apporte du contraste et du dynamisme aux plates-bandes, jardini\u00e8res et espaces ext\u00e9rieurs. Il s\u2019\u00e9panouit \u00e0 la mi-ombre et est id\u00e9al pour illuminer un jardin sans effort. Remarque: Les plantes peuvent [&hellip;]<\/p>\n","protected":false},"featured_media":52522,"comment_status":"open","ping_status":"closed","template":"","meta":[],"product_brand":[],"product_cat":[263],"product_tag":[],"class_list":{"0":"post-52913","1":"product","2":"type-product","3":"status-publish","4":"has-post-thumbnail","6":"product_cat-fleurs-annuelles-annual-flowers-2","8":"first","9":"instock","10":"purchasable","11":"product-type-simple"},"yoast_head":"<!-- This site is optimized with the Yoast SEO Premium plugin v27.4 (Yoast SEO v27.4) - https:\/\/yoast.com\/product\/yoast-seo-premium-wordpress\/ -->\n<title>Col\u00e9us - Montreal Urban Greenhouse<\/title>\n<meta name=\"robots\" content=\"index, follow, max-snippet:-1, max-image-preview:large, max-video-preview:-1\" \/>\n<link rel=\"canonical\" href=\"https:\/\/www.mtlghouse.ca\/en\/product\/coleus\/\" \/>\n<meta property=\"og:locale\" content=\"en_US\" \/>\n<meta property=\"og:type\" content=\"article\" \/>\n<meta property=\"og:title\" content=\"Col\u00e9us\" \/>\n<meta property=\"og:description\" content=\"Le col\u00e9us est une plante facile \u00e0 cultiver, appr\u00e9ci\u00e9e pour son feuillage \u00e9clatant et color\u00e9. Avec une grande vari\u00e9t\u00e9 de motifs et de teintes, il apporte du contraste et du dynamisme aux plates-bandes, jardini\u00e8res et espaces ext\u00e9rieurs. Il s\u2019\u00e9panouit \u00e0 la mi-ombre et est id\u00e9al pour illuminer un jardin sans effort. Remarque: Les plantes peuvent [&hellip;]\" \/>\n<meta property=\"og:url\" content=\"https:\/\/www.mtlghouse.ca\/en\/product\/coleus\/\" \/>\n<meta property=\"og:site_name\" content=\"Montreal Urban Greenhouse\" \/>\n<meta property=\"article:modified_time\" content=\"2026-04-28T18:16:08+00:00\" \/>\n<meta property=\"og:image\" content=\"https:\/\/www.mtlghouse.ca\/wp-content\/uploads\/2026\/04\/18407A16-8CAA-4A7C-816C-ADFCE3D701CD-683x1024.png\" \/>\n\t<meta property=\"og:image:width\" content=\"683\" \/>\n\t<meta property=\"og:image:height\" content=\"1024\" \/>\n\t<meta property=\"og:image:type\" content=\"image\/png\" \/>\n<meta name=\"twitter:card\" content=\"summary_large_image\" \/>\n<meta name=\"twitter:label1\" content=\"Est. reading time\" \/>\n\t<meta name=\"twitter:data1\" content=\"1 minute\" \/>\n<script type=\"application\/ld+json\" class=\"yoast-schema-graph\">{\"@context\":\"https:\\\/\\\/schema.org\",\"@graph\":[{\"@type\":\"WebPage\",\"@id\":\"https:\\\/\\\/www.mtlghouse.ca\\\/en\\\/product\\\/coleus\\\/\",\"url\":\"https:\\\/\\\/www.mtlghouse.ca\\\/en\\\/product\\\/coleus\\\/\",\"name\":\"Col\u00e9us - Montreal Urban Greenhouse\",\"isPartOf\":{\"@id\":\"https:\\\/\\\/www.mtlghouse.ca\\\/en\\\/#website\"},\"primaryImageOfPage\":{\"@id\":\"https:\\\/\\\/www.mtlghouse.ca\\\/en\\\/product\\\/coleus\\\/#primaryimage\"},\"image\":{\"@id\":\"https:\\\/\\\/www.mtlghouse.ca\\\/en\\\/product\\\/coleus\\\/#primaryimage\"},\"thumbnailUrl\":\"https:\\\/\\\/www.mtlghouse.ca\\\/wp-content\\\/uploads\\\/2026\\\/04\\\/18407A16-8CAA-4A7C-816C-ADFCE3D701CD.png\",\"datePublished\":\"2026-04-17T20:19:17+00:00\",\"dateModified\":\"2026-04-28T18:16:08+00:00\",\"breadcrumb\":{\"@id\":\"https:\\\/\\\/www.mtlghouse.ca\\\/en\\\/product\\\/coleus\\\/#breadcrumb\"},\"inLanguage\":\"en-US\",\"potentialAction\":[{\"@type\":\"ReadAction\",\"target\":[\"https:\\\/\\\/www.mtlghouse.ca\\\/en\\\/product\\\/coleus\\\/\"]}]},{\"@type\":\"ImageObject\",\"inLanguage\":\"en-US\",\"@id\":\"https:\\\/\\\/www.mtlghouse.ca\\\/en\\\/product\\\/coleus\\\/#primaryimage\",\"url\":\"https:\\\/\\\/www.mtlghouse.ca\\\/wp-content\\\/uploads\\\/2026\\\/04\\\/18407A16-8CAA-4A7C-816C-ADFCE3D701CD.png\",\"contentUrl\":\"https:\\\/\\\/www.mtlghouse.ca\\\/wp-content\\\/uploads\\\/2026\\\/04\\\/18407A16-8CAA-4A7C-816C-ADFCE3D701CD.png\",\"width\":1024,\"height\":1536},{\"@type\":\"BreadcrumbList\",\"@id\":\"https:\\\/\\\/www.mtlghouse.ca\\\/en\\\/product\\\/coleus\\\/#breadcrumb\",\"itemListElement\":[{\"@type\":\"ListItem\",\"position\":1,\"name\":\"Home\",\"item\":\"https:\\\/\\\/www.mtlghouse.ca\\\/en\\\/\"},{\"@type\":\"ListItem\",\"position\":2,\"name\":\"Produits\",\"item\":\"https:\\\/\\\/www.mtlghouse.ca\\\/en\\\/products-order\\\/\"},{\"@type\":\"ListItem\",\"position\":3,\"name\":\"Col\u00e9us\"}]},{\"@type\":\"WebSite\",\"@id\":\"https:\\\/\\\/www.mtlghouse.ca\\\/en\\\/#website\",\"url\":\"https:\\\/\\\/www.mtlghouse.ca\\\/en\\\/\",\"name\":\"Montreal Urban Greenhouse\",\"description\":\"A hub for urban farming\",\"potentialAction\":[{\"@type\":\"SearchAction\",\"target\":{\"@type\":\"EntryPoint\",\"urlTemplate\":\"https:\\\/\\\/www.mtlghouse.ca\\\/en\\\/?s={search_term_string}\"},\"query-input\":{\"@type\":\"PropertyValueSpecification\",\"valueRequired\":true,\"valueName\":\"search_term_string\"}}],\"inLanguage\":\"en-US\"}]}<\/script>\n<!-- \/ Yoast SEO Premium plugin. -->","yoast_head_json":{"title":"Col\u00e9us - Montreal Urban Greenhouse","robots":{"index":"index","follow":"follow","max-snippet":"max-snippet:-1","max-image-preview":"max-image-preview:large","max-video-preview":"max-video-preview:-1"},"canonical":"https:\/\/www.mtlghouse.ca\/en\/product\/coleus\/","og_locale":"en_US","og_type":"article","og_title":"Col\u00e9us","og_description":"Le col\u00e9us est une plante facile \u00e0 cultiver, appr\u00e9ci\u00e9e pour son feuillage \u00e9clatant et color\u00e9. Avec une grande vari\u00e9t\u00e9 de motifs et de teintes, il apporte du contraste et du dynamisme aux plates-bandes, jardini\u00e8res et espaces ext\u00e9rieurs. Il s\u2019\u00e9panouit \u00e0 la mi-ombre et est id\u00e9al pour illuminer un jardin sans effort. Remarque: Les plantes peuvent [&hellip;]","og_url":"https:\/\/www.mtlghouse.ca\/en\/product\/coleus\/","og_site_name":"Montreal Urban Greenhouse","article_modified_time":"2026-04-28T18:16:08+00:00","og_image":[{"width":683,"height":1024,"url":"https:\/\/www.mtlghouse.ca\/wp-content\/uploads\/2026\/04\/18407A16-8CAA-4A7C-816C-ADFCE3D701CD-683x1024.png","type":"image\/png"}],"twitter_card":"summary_large_image","twitter_misc":{"Est. reading time":"1 minute"},"schema":{"@context":"https:\/\/schema.org","@graph":[{"@type":"WebPage","@id":"https:\/\/www.mtlghouse.ca\/en\/product\/coleus\/","url":"https:\/\/www.mtlghouse.ca\/en\/product\/coleus\/","name":"Col\u00e9us - Montreal Urban Greenhouse","isPartOf":{"@id":"https:\/\/www.mtlghouse.ca\/en\/#website"},"primaryImageOfPage":{"@id":"https:\/\/www.mtlghouse.ca\/en\/product\/coleus\/#primaryimage"},"image":{"@id":"https:\/\/www.mtlghouse.ca\/en\/product\/coleus\/#primaryimage"},"thumbnailUrl":"https:\/\/www.mtlghouse.ca\/wp-content\/uploads\/2026\/04\/18407A16-8CAA-4A7C-816C-ADFCE3D701CD.png","datePublished":"2026-04-17T20:19:17+00:00","dateModified":"2026-04-28T18:16:08+00:00","breadcrumb":{"@id":"https:\/\/www.mtlghouse.ca\/en\/product\/coleus\/#breadcrumb"},"inLanguage":"en-US","potentialAction":[{"@type":"ReadAction","target":["https:\/\/www.mtlghouse.ca\/en\/product\/coleus\/"]}]},{"@type":"ImageObject","inLanguage":"en-US","@id":"https:\/\/www.mtlghouse.ca\/en\/product\/coleus\/#primaryimage","url":"https:\/\/www.mtlghouse.ca\/wp-content\/uploads\/2026\/04\/18407A16-8CAA-4A7C-816C-ADFCE3D701CD.png","contentUrl":"https:\/\/www.mtlghouse.ca\/wp-content\/uploads\/2026\/04\/18407A16-8CAA-4A7C-816C-ADFCE3D701CD.png","width":1024,"height":1536},{"@type":"BreadcrumbList","@id":"https:\/\/www.mtlghouse.ca\/en\/product\/coleus\/#breadcrumb","itemListElement":[{"@type":"ListItem","position":1,"name":"Home","item":"https:\/\/www.mtlghouse.ca\/en\/"},{"@type":"ListItem","position":2,"name":"Produits","item":"https:\/\/www.mtlghouse.ca\/en\/products-order\/"},{"@type":"ListItem","position":3,"name":"Col\u00e9us"}]},{"@type":"WebSite","@id":"https:\/\/www.mtlghouse.ca\/en\/#website","url":"https:\/\/www.mtlghouse.ca\/en\/","name":"Montreal Urban Greenhouse","description":"A hub for urban farming","potentialAction":[{"@type":"SearchAction","target":{"@type":"EntryPoint","urlTemplate":"https:\/\/www.mtlghouse.ca\/en\/?s={search_term_string}"},"query-input":{"@type":"PropertyValueSpecification","valueRequired":true,"valueName":"search_term_string"}}],"inLanguage":"en-US"}]}},"jetpack_sharing_enabled":true,"_links":{"self":[{"href":"https:\/\/www.mtlghouse.ca\/en\/wp-json\/wp\/v2\/product\/52913","targetHints":{"allow":["GET"]}}],"collection":[{"href":"https:\/\/www.mtlghouse.ca\/en\/wp-json\/wp\/v2\/product"}],"about":[{"href":"https:\/\/www.mtlghouse.ca\/en\/wp-json\/wp\/v2\/types\/product"}],"replies":[{"embeddable":true,"href":"https:\/\/www.mtlghouse.ca\/en\/wp-json\/wp\/v2\/comments?post=52913"}],"wp:featuredmedia":[{"embeddable":true,"href":"https:\/\/www.mtlghouse.ca\/en\/wp-json\/wp\/v2\/media\/52522"}],"wp:attachment":[{"href":"https:\/\/www.mtlghouse.ca\/en\/wp-json\/wp\/v2\/media?parent=52913"}],"wp:term":[{"taxonomy":"product_brand","embeddable":true,"href":"https:\/\/www.mtlghouse.ca\/en\/wp-json\/wp\/v2\/product_brand?post=52913"},{"taxonomy":"product_cat","embeddable":true,"href":"https:\/\/www.mtlghouse.ca\/en\/wp-json\/wp\/v2\/product_cat?post=52913"},{"taxonomy":"product_tag","embeddable":true,"href":"https:\/\/www.mtlghouse.ca\/en\/wp-json\/wp\/v2\/product_tag?post=52913"}],"curies":[{"name":"wp","href":"https:\/\/api.w.org\/{rel}","templated":true}]}}