{"id":52907,"date":"2026-04-17T16:19:09","date_gmt":"2026-04-17T20:19:09","guid":{"rendered":"https:\/\/www.mtlghouse.ca\/product\/organic-potting-soil-terreau-organique\/"},"modified":"2026-04-28T14:16:32","modified_gmt":"2026-04-28T18:16:32","slug":"organic-potting-soil-terreau-organique","status":"publish","type":"product","link":"https:\/\/www.mtlghouse.ca\/en\/product\/organic-potting-soil-terreau-organique\/","title":{"rendered":"Terreau Organique &#8211; Organic Potting Soil"},"content":{"rendered":"<p>Terreau organique con\u00e7u pour favoriser une croissance saine et vigoureuse des plantes. Ce m\u00e9lange riche offre un bon drainage, une excellente r\u00e9tention d\u2019humidit\u00e9 et les nutriments n\u00e9cessaires pour bien pousser en pots, jardini\u00e8res et contenants de jardin.<\/p>\n<p>Organic potting soil made to support healthy, vigorous plant growth. This rich blend offers good drainage, strong moisture retention, and the nutrients plants need to thrive in pots, planters, and garden containers.<\/p>\n<p>&nbsp;<\/p>\n","protected":false},"excerpt":{"rendered":"<p>Terreau organique con\u00e7u pour favoriser une croissance saine et vigoureuse des plantes. Ce m\u00e9lange riche offre un bon drainage, une excellente r\u00e9tention d\u2019humidit\u00e9 et les nutriments n\u00e9cessaires pour bien pousser en pots, jardini\u00e8res et contenants de jardin. Organic potting soil made to support healthy, vigorous plant growth. This rich blend offers good drainage, strong moisture [&hellip;]<\/p>\n","protected":false},"featured_media":52283,"comment_status":"open","ping_status":"closed","template":"","meta":[],"product_brand":[],"product_cat":[106],"product_tag":[],"class_list":{"0":"post-52907","1":"product","2":"type-product","3":"status-publish","4":"has-post-thumbnail","6":"product_cat-soil-and-compost","8":"first","9":"instock","10":"purchasable","11":"product-type-simple"},"yoast_head":"<!-- This site is optimized with the Yoast SEO Premium plugin v27.4 (Yoast SEO v27.4) - https:\/\/yoast.com\/product\/yoast-seo-premium-wordpress\/ -->\n<title>Terreau Organique - Organic Potting Soil - Montreal Urban Greenhouse<\/title>\n<meta name=\"robots\" content=\"index, follow, max-snippet:-1, max-image-preview:large, max-video-preview:-1\" \/>\n<link rel=\"canonical\" href=\"https:\/\/www.mtlghouse.ca\/en\/product\/organic-potting-soil-terreau-organique\/\" \/>\n<meta property=\"og:locale\" content=\"en_US\" \/>\n<meta property=\"og:type\" content=\"article\" \/>\n<meta property=\"og:title\" content=\"Terreau Organique - Organic Potting Soil\" \/>\n<meta property=\"og:description\" content=\"Terreau organique con\u00e7u pour favoriser une croissance saine et vigoureuse des plantes. Ce m\u00e9lange riche offre un bon drainage, une excellente r\u00e9tention d\u2019humidit\u00e9 et les nutriments n\u00e9cessaires pour bien pousser en pots, jardini\u00e8res et contenants de jardin. Organic potting soil made to support healthy, vigorous plant growth. This rich blend offers good drainage, strong moisture [&hellip;]\" \/>\n<meta property=\"og:url\" content=\"https:\/\/www.mtlghouse.ca\/en\/product\/organic-potting-soil-terreau-organique\/\" \/>\n<meta property=\"og:site_name\" content=\"Montreal Urban Greenhouse\" \/>\n<meta property=\"article:modified_time\" content=\"2026-04-28T18:16:32+00:00\" \/>\n<meta property=\"og:image\" content=\"https:\/\/www.mtlghouse.ca\/wp-content\/uploads\/2024\/04\/fafard_indoor_2048x@2x.webp\" \/>\n\t<meta property=\"og:image:width\" content=\"1000\" \/>\n\t<meta property=\"og:image:height\" content=\"1000\" \/>\n\t<meta property=\"og:image:type\" content=\"image\/webp\" \/>\n<meta name=\"twitter:card\" content=\"summary_large_image\" \/>\n<meta name=\"twitter:label1\" content=\"Est. reading time\" \/>\n\t<meta name=\"twitter:data1\" content=\"1 minute\" \/>\n<script type=\"application\/ld+json\" class=\"yoast-schema-graph\">{\"@context\":\"https:\\\/\\\/schema.org\",\"@graph\":[{\"@type\":\"WebPage\",\"@id\":\"https:\\\/\\\/www.mtlghouse.ca\\\/en\\\/product\\\/organic-potting-soil-terreau-organique\\\/\",\"url\":\"https:\\\/\\\/www.mtlghouse.ca\\\/en\\\/product\\\/organic-potting-soil-terreau-organique\\\/\",\"name\":\"Terreau Organique - Organic Potting Soil - Montreal Urban Greenhouse\",\"isPartOf\":{\"@id\":\"https:\\\/\\\/www.mtlghouse.ca\\\/en\\\/#website\"},\"primaryImageOfPage\":{\"@id\":\"https:\\\/\\\/www.mtlghouse.ca\\\/en\\\/product\\\/organic-potting-soil-terreau-organique\\\/#primaryimage\"},\"image\":{\"@id\":\"https:\\\/\\\/www.mtlghouse.ca\\\/en\\\/product\\\/organic-potting-soil-terreau-organique\\\/#primaryimage\"},\"thumbnailUrl\":\"https:\\\/\\\/www.mtlghouse.ca\\\/wp-content\\\/uploads\\\/2024\\\/04\\\/fafard_indoor_2048x@2x.webp\",\"datePublished\":\"2026-04-17T20:19:09+00:00\",\"dateModified\":\"2026-04-28T18:16:32+00:00\",\"breadcrumb\":{\"@id\":\"https:\\\/\\\/www.mtlghouse.ca\\\/en\\\/product\\\/organic-potting-soil-terreau-organique\\\/#breadcrumb\"},\"inLanguage\":\"en-US\",\"potentialAction\":[{\"@type\":\"ReadAction\",\"target\":[\"https:\\\/\\\/www.mtlghouse.ca\\\/en\\\/product\\\/organic-potting-soil-terreau-organique\\\/\"]}]},{\"@type\":\"ImageObject\",\"inLanguage\":\"en-US\",\"@id\":\"https:\\\/\\\/www.mtlghouse.ca\\\/en\\\/product\\\/organic-potting-soil-terreau-organique\\\/#primaryimage\",\"url\":\"https:\\\/\\\/www.mtlghouse.ca\\\/wp-content\\\/uploads\\\/2024\\\/04\\\/fafard_indoor_2048x@2x.webp\",\"contentUrl\":\"https:\\\/\\\/www.mtlghouse.ca\\\/wp-content\\\/uploads\\\/2024\\\/04\\\/fafard_indoor_2048x@2x.webp\",\"width\":1000,\"height\":1000},{\"@type\":\"BreadcrumbList\",\"@id\":\"https:\\\/\\\/www.mtlghouse.ca\\\/en\\\/product\\\/organic-potting-soil-terreau-organique\\\/#breadcrumb\",\"itemListElement\":[{\"@type\":\"ListItem\",\"position\":1,\"name\":\"Home\",\"item\":\"https:\\\/\\\/www.mtlghouse.ca\\\/en\\\/\"},{\"@type\":\"ListItem\",\"position\":2,\"name\":\"Ce qu\u2019on offre\",\"item\":\"https:\\\/\\\/www.mtlghouse.ca\\\/en\\\/products-order\\\/\"},{\"@type\":\"ListItem\",\"position\":3,\"name\":\"Terreau Organique &#8211; Organic Potting Soil\"}]},{\"@type\":\"WebSite\",\"@id\":\"https:\\\/\\\/www.mtlghouse.ca\\\/en\\\/#website\",\"url\":\"https:\\\/\\\/www.mtlghouse.ca\\\/en\\\/\",\"name\":\"Montreal Urban Greenhouse\",\"description\":\"A hub for urban farming\",\"potentialAction\":[{\"@type\":\"SearchAction\",\"target\":{\"@type\":\"EntryPoint\",\"urlTemplate\":\"https:\\\/\\\/www.mtlghouse.ca\\\/en\\\/?s={search_term_string}\"},\"query-input\":{\"@type\":\"PropertyValueSpecification\",\"valueRequired\":true,\"valueName\":\"search_term_string\"}}],\"inLanguage\":\"en-US\"}]}<\/script>\n<!-- \/ Yoast SEO Premium plugin. -->","yoast_head_json":{"title":"Terreau Organique - Organic Potting Soil - Montreal Urban Greenhouse","robots":{"index":"index","follow":"follow","max-snippet":"max-snippet:-1","max-image-preview":"max-image-preview:large","max-video-preview":"max-video-preview:-1"},"canonical":"https:\/\/www.mtlghouse.ca\/en\/product\/organic-potting-soil-terreau-organique\/","og_locale":"en_US","og_type":"article","og_title":"Terreau Organique - Organic Potting Soil","og_description":"Terreau organique con\u00e7u pour favoriser une croissance saine et vigoureuse des plantes. Ce m\u00e9lange riche offre un bon drainage, une excellente r\u00e9tention d\u2019humidit\u00e9 et les nutriments n\u00e9cessaires pour bien pousser en pots, jardini\u00e8res et contenants de jardin. Organic potting soil made to support healthy, vigorous plant growth. This rich blend offers good drainage, strong moisture [&hellip;]","og_url":"https:\/\/www.mtlghouse.ca\/en\/product\/organic-potting-soil-terreau-organique\/","og_site_name":"Montreal Urban Greenhouse","article_modified_time":"2026-04-28T18:16:32+00:00","og_image":[{"width":1000,"height":1000,"url":"https:\/\/www.mtlghouse.ca\/wp-content\/uploads\/2024\/04\/fafard_indoor_2048x@2x.webp","type":"image\/webp"}],"twitter_card":"summary_large_image","twitter_misc":{"Est. reading time":"1 minute"},"schema":{"@context":"https:\/\/schema.org","@graph":[{"@type":"WebPage","@id":"https:\/\/www.mtlghouse.ca\/en\/product\/organic-potting-soil-terreau-organique\/","url":"https:\/\/www.mtlghouse.ca\/en\/product\/organic-potting-soil-terreau-organique\/","name":"Terreau Organique - Organic Potting Soil - Montreal Urban Greenhouse","isPartOf":{"@id":"https:\/\/www.mtlghouse.ca\/en\/#website"},"primaryImageOfPage":{"@id":"https:\/\/www.mtlghouse.ca\/en\/product\/organic-potting-soil-terreau-organique\/#primaryimage"},"image":{"@id":"https:\/\/www.mtlghouse.ca\/en\/product\/organic-potting-soil-terreau-organique\/#primaryimage"},"thumbnailUrl":"https:\/\/www.mtlghouse.ca\/wp-content\/uploads\/2024\/04\/fafard_indoor_2048x@2x.webp","datePublished":"2026-04-17T20:19:09+00:00","dateModified":"2026-04-28T18:16:32+00:00","breadcrumb":{"@id":"https:\/\/www.mtlghouse.ca\/en\/product\/organic-potting-soil-terreau-organique\/#breadcrumb"},"inLanguage":"en-US","potentialAction":[{"@type":"ReadAction","target":["https:\/\/www.mtlghouse.ca\/en\/product\/organic-potting-soil-terreau-organique\/"]}]},{"@type":"ImageObject","inLanguage":"en-US","@id":"https:\/\/www.mtlghouse.ca\/en\/product\/organic-potting-soil-terreau-organique\/#primaryimage","url":"https:\/\/www.mtlghouse.ca\/wp-content\/uploads\/2024\/04\/fafard_indoor_2048x@2x.webp","contentUrl":"https:\/\/www.mtlghouse.ca\/wp-content\/uploads\/2024\/04\/fafard_indoor_2048x@2x.webp","width":1000,"height":1000},{"@type":"BreadcrumbList","@id":"https:\/\/www.mtlghouse.ca\/en\/product\/organic-potting-soil-terreau-organique\/#breadcrumb","itemListElement":[{"@type":"ListItem","position":1,"name":"Home","item":"https:\/\/www.mtlghouse.ca\/en\/"},{"@type":"ListItem","position":2,"name":"Ce qu\u2019on offre","item":"https:\/\/www.mtlghouse.ca\/en\/products-order\/"},{"@type":"ListItem","position":3,"name":"Terreau Organique &#8211; Organic Potting Soil"}]},{"@type":"WebSite","@id":"https:\/\/www.mtlghouse.ca\/en\/#website","url":"https:\/\/www.mtlghouse.ca\/en\/","name":"Montreal Urban Greenhouse","description":"A hub for urban farming","potentialAction":[{"@type":"SearchAction","target":{"@type":"EntryPoint","urlTemplate":"https:\/\/www.mtlghouse.ca\/en\/?s={search_term_string}"},"query-input":{"@type":"PropertyValueSpecification","valueRequired":true,"valueName":"search_term_string"}}],"inLanguage":"en-US"}]}},"jetpack_sharing_enabled":true,"_links":{"self":[{"href":"https:\/\/www.mtlghouse.ca\/en\/wp-json\/wp\/v2\/product\/52907","targetHints":{"allow":["GET"]}}],"collection":[{"href":"https:\/\/www.mtlghouse.ca\/en\/wp-json\/wp\/v2\/product"}],"about":[{"href":"https:\/\/www.mtlghouse.ca\/en\/wp-json\/wp\/v2\/types\/product"}],"replies":[{"embeddable":true,"href":"https:\/\/www.mtlghouse.ca\/en\/wp-json\/wp\/v2\/comments?post=52907"}],"wp:featuredmedia":[{"embeddable":true,"href":"https:\/\/www.mtlghouse.ca\/en\/wp-json\/wp\/v2\/media\/52283"}],"wp:attachment":[{"href":"https:\/\/www.mtlghouse.ca\/en\/wp-json\/wp\/v2\/media?parent=52907"}],"wp:term":[{"taxonomy":"product_brand","embeddable":true,"href":"https:\/\/www.mtlghouse.ca\/en\/wp-json\/wp\/v2\/product_brand?post=52907"},{"taxonomy":"product_cat","embeddable":true,"href":"https:\/\/www.mtlghouse.ca\/en\/wp-json\/wp\/v2\/product_cat?post=52907"},{"taxonomy":"product_tag","embeddable":true,"href":"https:\/\/www.mtlghouse.ca\/en\/wp-json\/wp\/v2\/product_tag?post=52907"}],"curies":[{"name":"wp","href":"https:\/\/api.w.org\/{rel}","templated":true}]}}