{"id":52854,"date":"2026-04-17T16:17:59","date_gmt":"2026-04-17T20:17:59","guid":{"rendered":"https:\/\/www.mtlghouse.ca\/?post_type=product&#038;p=52854"},"modified":"2026-04-28T14:17:41","modified_gmt":"2026-04-28T18:17:41","slug":"tiny-garden","status":"publish","type":"product","link":"https:\/\/www.mtlghouse.ca\/product\/tiny-garden\/","title":{"rendered":"Petit Jardin &#8211; Tiny Garden"},"content":{"rendered":"<p data-start=\"36\" data-end=\"361\">Cultivez des herbes fra\u00eeches et biologiques directement dans votre cuisine, sur un rebord de fen\u00eatre ou sur votre balcon avec notre Petit jardin. Gr\u00e2ce \u00e0 notre service de plantation professionnel, vous recevez une jardini\u00e8re compacte avec terreau de qualit\u00e9 sup\u00e9rieure et herbes plant\u00e9es avec soin, pr\u00eates \u00e0 pousser.<\/p>\n<p data-start=\"363\" data-end=\"623\">Choisissez vos herbes favorites sur notre boutique en ligne <em data-start=\"423\" data-end=\"452\">(herbes vendues s\u00e9par\u00e9ment)<\/em> afin de personnaliser votre jardin selon vos go\u00fbts. Parfait pour les petits espaces, cet ensemble s\u2019int\u00e8gre facilement sur un comptoir, un rebord de fen\u00eatre ou un balcon.<\/p>\n<p data-start=\"625\" data-end=\"776\">Nous plantons, fertilisons et pr\u00e9parons votre Petit jardin avec notre m\u00e9lange de terreau biologique pour lui donner les meilleures chances de r\u00e9ussite.<\/p>\n<p data-start=\"778\" data-end=\"1133\">Chaque pot mesure <strong data-start=\"796\" data-end=\"832\">3 po x 4 po x 3 po de profondeur<\/strong>, contient environ <strong data-start=\"851\" data-end=\"869\">16 oz (500 ml)<\/strong> de terreau et comprend un canal \u00e0 la base servant de r\u00e9servoir d\u2019eau. L\u2019exc\u00e8s d\u2019eau s\u2019\u00e9coule par les trous de drainage dans le plateau attach\u00e9 de <strong data-start=\"1016\" data-end=\"1036\">12 po x 3 1\/4 po<\/strong>, qui agit aussi comme bassin de r\u00e9cup\u00e9ration et permet de d\u00e9placer facilement les pots ensemble.<\/p>\n<p data-start=\"778\" data-end=\"1133\">______________________________________________________________________________________________<\/p>\n<p data-start=\"778\" data-end=\"1133\">Grow fresh, organic herbs right in your kitchen, on a windowsill, or on your balcony with our Tiny Garden. Our professional planting service includes a compact planter, premium soil, and carefully planted herbs, ready to grow.<\/p>\n<p data-start=\"1372\" data-end=\"1580\">Choose your favorite herbs from our products page <em data-start=\"1418\" data-end=\"1443\">(herbs sold separately)<\/em> to customize your garden to suit your taste. Perfect for small spaces, this planter fits easily on a countertop, windowsill, or balcony.<\/p>\n<p data-start=\"1582\" data-end=\"1687\">We plant, fertilize, and prepare your Tiny Garden using our organic soil blend to give it the best start.<\/p>\n<p data-start=\"1689\" data-end=\"2013\">Each pot measures <strong data-start=\"1707\" data-end=\"1728\">3&#8243; x 4&#8243; x 3&#8243; deep<\/strong>, holds approximately <strong data-start=\"1750\" data-end=\"1768\">16 oz (500 ml)<\/strong> of soil, and includes a channel at the base that serves as a water reservoir. Excess water drains through holes in the bottom into the attached <strong data-start=\"1913\" data-end=\"1934\">12&#8243; x 3 1\/4&#8243; tray<\/strong>, which also acts as a catch basin and makes it easy to move the pots together.<\/p>\n<p data-start=\"2015\" data-end=\"2160\" data-is-last-node=\"\" data-is-only-node=\"\">\n<p>&nbsp;<\/p>\n","protected":false},"excerpt":{"rendered":"<p>Cultivez des herbes fra\u00eeches et biologiques directement dans votre cuisine, sur un rebord de fen\u00eatre ou sur votre balcon avec notre Petit jardin. Gr\u00e2ce \u00e0 notre service de plantation professionnel, vous recevez une jardini\u00e8re compacte avec terreau de qualit\u00e9 sup\u00e9rieure et herbes plant\u00e9es avec soin, pr\u00eates \u00e0 pousser. Choisissez vos herbes favorites sur notre boutique [&hellip;]<\/p>\n","protected":false},"featured_media":50508,"comment_status":"open","ping_status":"closed","template":"","meta":[],"product_brand":[],"product_cat":[85],"product_tag":[],"class_list":{"0":"post-52854","1":"product","2":"type-product","3":"status-publish","4":"has-post-thumbnail","6":"product_cat-planters","8":"first","9":"instock","10":"purchasable","11":"product-type-simple"},"yoast_head":"<!-- This site is optimized with the Yoast SEO Premium plugin v27.4 (Yoast SEO v27.4) - https:\/\/yoast.com\/product\/yoast-seo-premium-wordpress\/ -->\n<title>Petit Jardin - Tiny Garden - Montreal Urban Greenhouse<\/title>\n<meta name=\"robots\" content=\"index, follow, max-snippet:-1, max-image-preview:large, max-video-preview:-1\" \/>\n<link rel=\"canonical\" href=\"https:\/\/www.mtlghouse.ca\/en\/product\/tiny-garden\/\" \/>\n<meta property=\"og:locale\" content=\"en_US\" \/>\n<meta property=\"og:type\" content=\"article\" \/>\n<meta property=\"og:title\" content=\"Petit Jardin - Tiny Garden\" \/>\n<meta property=\"og:description\" content=\"Cultivez des herbes fra\u00eeches et biologiques directement dans votre cuisine, sur un rebord de fen\u00eatre ou sur votre balcon avec notre Petit jardin. Gr\u00e2ce \u00e0 notre service de plantation professionnel, vous recevez une jardini\u00e8re compacte avec terreau de qualit\u00e9 sup\u00e9rieure et herbes plant\u00e9es avec soin, pr\u00eates \u00e0 pousser. Choisissez vos herbes favorites sur notre boutique [&hellip;]\" \/>\n<meta property=\"og:url\" content=\"https:\/\/www.mtlghouse.ca\/product\/tiny-garden\/\" \/>\n<meta property=\"og:site_name\" content=\"Montreal Urban Greenhouse\" \/>\n<meta property=\"article:modified_time\" content=\"2026-04-28T18:17:41+00:00\" \/>\n<meta property=\"og:image\" content=\"https:\/\/www.mtlghouse.ca\/wp-content\/uploads\/2023\/04\/PL623-herb-planter-set-u-1001.jpg\" \/>\n\t<meta property=\"og:image:width\" content=\"1229\" \/>\n\t<meta property=\"og:image:height\" content=\"1326\" \/>\n\t<meta property=\"og:image:type\" content=\"image\/jpeg\" \/>\n<meta name=\"twitter:card\" content=\"summary_large_image\" \/>\n<meta name=\"twitter:label1\" content=\"Est. reading time\" \/>\n\t<meta name=\"twitter:data1\" content=\"2 minutes\" \/>\n<script type=\"application\/ld+json\" class=\"yoast-schema-graph\">{\"@context\":\"https:\\\/\\\/schema.org\",\"@graph\":[{\"@type\":\"WebPage\",\"@id\":\"https:\\\/\\\/www.mtlghouse.ca\\\/product\\\/tiny-garden\\\/\",\"url\":\"https:\\\/\\\/www.mtlghouse.ca\\\/product\\\/tiny-garden\\\/\",\"name\":\"Petit Jardin - Tiny Garden - Montreal Urban Greenhouse\",\"isPartOf\":{\"@id\":\"https:\\\/\\\/www.mtlghouse.ca\\\/en\\\/#website\"},\"primaryImageOfPage\":{\"@id\":\"https:\\\/\\\/www.mtlghouse.ca\\\/product\\\/tiny-garden\\\/#primaryimage\"},\"image\":{\"@id\":\"https:\\\/\\\/www.mtlghouse.ca\\\/product\\\/tiny-garden\\\/#primaryimage\"},\"thumbnailUrl\":\"https:\\\/\\\/www.mtlghouse.ca\\\/wp-content\\\/uploads\\\/2023\\\/04\\\/PL623-herb-planter-set-u-1001.jpg\",\"datePublished\":\"2026-04-17T20:17:59+00:00\",\"dateModified\":\"2026-04-28T18:17:41+00:00\",\"breadcrumb\":{\"@id\":\"https:\\\/\\\/www.mtlghouse.ca\\\/product\\\/tiny-garden\\\/#breadcrumb\"},\"inLanguage\":\"en-US\",\"potentialAction\":[{\"@type\":\"ReadAction\",\"target\":[\"https:\\\/\\\/www.mtlghouse.ca\\\/product\\\/tiny-garden\\\/\"]}]},{\"@type\":\"ImageObject\",\"inLanguage\":\"en-US\",\"@id\":\"https:\\\/\\\/www.mtlghouse.ca\\\/product\\\/tiny-garden\\\/#primaryimage\",\"url\":\"https:\\\/\\\/www.mtlghouse.ca\\\/wp-content\\\/uploads\\\/2023\\\/04\\\/PL623-herb-planter-set-u-1001.jpg\",\"contentUrl\":\"https:\\\/\\\/www.mtlghouse.ca\\\/wp-content\\\/uploads\\\/2023\\\/04\\\/PL623-herb-planter-set-u-1001.jpg\",\"width\":1229,\"height\":1326,\"caption\":\"Trio Planter\"},{\"@type\":\"BreadcrumbList\",\"@id\":\"https:\\\/\\\/www.mtlghouse.ca\\\/product\\\/tiny-garden\\\/#breadcrumb\",\"itemListElement\":[{\"@type\":\"ListItem\",\"position\":1,\"name\":\"Home\",\"item\":\"https:\\\/\\\/www.mtlghouse.ca\\\/en\\\/\"},{\"@type\":\"ListItem\",\"position\":2,\"name\":\"Ce qu\u2019on offre\",\"item\":\"https:\\\/\\\/www.mtlghouse.ca\\\/en\\\/products-order\\\/\"},{\"@type\":\"ListItem\",\"position\":3,\"name\":\"Petit Jardin &#8211; Tiny Garden\"}]},{\"@type\":\"WebSite\",\"@id\":\"https:\\\/\\\/www.mtlghouse.ca\\\/en\\\/#website\",\"url\":\"https:\\\/\\\/www.mtlghouse.ca\\\/en\\\/\",\"name\":\"Montreal Urban Greenhouse\",\"description\":\"A hub for urban farming\",\"potentialAction\":[{\"@type\":\"SearchAction\",\"target\":{\"@type\":\"EntryPoint\",\"urlTemplate\":\"https:\\\/\\\/www.mtlghouse.ca\\\/en\\\/?s={search_term_string}\"},\"query-input\":{\"@type\":\"PropertyValueSpecification\",\"valueRequired\":true,\"valueName\":\"search_term_string\"}}],\"inLanguage\":\"en-US\"}]}<\/script>\n<!-- \/ Yoast SEO Premium plugin. -->","yoast_head_json":{"title":"Petit Jardin - Tiny Garden - Montreal Urban Greenhouse","robots":{"index":"index","follow":"follow","max-snippet":"max-snippet:-1","max-image-preview":"max-image-preview:large","max-video-preview":"max-video-preview:-1"},"canonical":"https:\/\/www.mtlghouse.ca\/en\/product\/tiny-garden\/","og_locale":"en_US","og_type":"article","og_title":"Petit Jardin - Tiny Garden","og_description":"Cultivez des herbes fra\u00eeches et biologiques directement dans votre cuisine, sur un rebord de fen\u00eatre ou sur votre balcon avec notre Petit jardin. Gr\u00e2ce \u00e0 notre service de plantation professionnel, vous recevez une jardini\u00e8re compacte avec terreau de qualit\u00e9 sup\u00e9rieure et herbes plant\u00e9es avec soin, pr\u00eates \u00e0 pousser. Choisissez vos herbes favorites sur notre boutique [&hellip;]","og_url":"https:\/\/www.mtlghouse.ca\/product\/tiny-garden\/","og_site_name":"Montreal Urban Greenhouse","article_modified_time":"2026-04-28T18:17:41+00:00","og_image":[{"width":1229,"height":1326,"url":"https:\/\/www.mtlghouse.ca\/wp-content\/uploads\/2023\/04\/PL623-herb-planter-set-u-1001.jpg","type":"image\/jpeg"}],"twitter_card":"summary_large_image","twitter_misc":{"Est. reading time":"2 minutes"},"schema":{"@context":"https:\/\/schema.org","@graph":[{"@type":"WebPage","@id":"https:\/\/www.mtlghouse.ca\/product\/tiny-garden\/","url":"https:\/\/www.mtlghouse.ca\/product\/tiny-garden\/","name":"Petit Jardin - Tiny Garden - Montreal Urban Greenhouse","isPartOf":{"@id":"https:\/\/www.mtlghouse.ca\/en\/#website"},"primaryImageOfPage":{"@id":"https:\/\/www.mtlghouse.ca\/product\/tiny-garden\/#primaryimage"},"image":{"@id":"https:\/\/www.mtlghouse.ca\/product\/tiny-garden\/#primaryimage"},"thumbnailUrl":"https:\/\/www.mtlghouse.ca\/wp-content\/uploads\/2023\/04\/PL623-herb-planter-set-u-1001.jpg","datePublished":"2026-04-17T20:17:59+00:00","dateModified":"2026-04-28T18:17:41+00:00","breadcrumb":{"@id":"https:\/\/www.mtlghouse.ca\/product\/tiny-garden\/#breadcrumb"},"inLanguage":"en-US","potentialAction":[{"@type":"ReadAction","target":["https:\/\/www.mtlghouse.ca\/product\/tiny-garden\/"]}]},{"@type":"ImageObject","inLanguage":"en-US","@id":"https:\/\/www.mtlghouse.ca\/product\/tiny-garden\/#primaryimage","url":"https:\/\/www.mtlghouse.ca\/wp-content\/uploads\/2023\/04\/PL623-herb-planter-set-u-1001.jpg","contentUrl":"https:\/\/www.mtlghouse.ca\/wp-content\/uploads\/2023\/04\/PL623-herb-planter-set-u-1001.jpg","width":1229,"height":1326,"caption":"Trio Planter"},{"@type":"BreadcrumbList","@id":"https:\/\/www.mtlghouse.ca\/product\/tiny-garden\/#breadcrumb","itemListElement":[{"@type":"ListItem","position":1,"name":"Home","item":"https:\/\/www.mtlghouse.ca\/en\/"},{"@type":"ListItem","position":2,"name":"Ce qu\u2019on offre","item":"https:\/\/www.mtlghouse.ca\/en\/products-order\/"},{"@type":"ListItem","position":3,"name":"Petit Jardin &#8211; Tiny Garden"}]},{"@type":"WebSite","@id":"https:\/\/www.mtlghouse.ca\/en\/#website","url":"https:\/\/www.mtlghouse.ca\/en\/","name":"Montreal Urban Greenhouse","description":"A hub for urban farming","potentialAction":[{"@type":"SearchAction","target":{"@type":"EntryPoint","urlTemplate":"https:\/\/www.mtlghouse.ca\/en\/?s={search_term_string}"},"query-input":{"@type":"PropertyValueSpecification","valueRequired":true,"valueName":"search_term_string"}}],"inLanguage":"en-US"}]}},"jetpack_sharing_enabled":true,"_links":{"self":[{"href":"https:\/\/www.mtlghouse.ca\/en\/wp-json\/wp\/v2\/product\/52854","targetHints":{"allow":["GET"]}}],"collection":[{"href":"https:\/\/www.mtlghouse.ca\/en\/wp-json\/wp\/v2\/product"}],"about":[{"href":"https:\/\/www.mtlghouse.ca\/en\/wp-json\/wp\/v2\/types\/product"}],"replies":[{"embeddable":true,"href":"https:\/\/www.mtlghouse.ca\/en\/wp-json\/wp\/v2\/comments?post=52854"}],"wp:featuredmedia":[{"embeddable":true,"href":"https:\/\/www.mtlghouse.ca\/en\/wp-json\/wp\/v2\/media\/50508"}],"wp:attachment":[{"href":"https:\/\/www.mtlghouse.ca\/en\/wp-json\/wp\/v2\/media?parent=52854"}],"wp:term":[{"taxonomy":"product_brand","embeddable":true,"href":"https:\/\/www.mtlghouse.ca\/en\/wp-json\/wp\/v2\/product_brand?post=52854"},{"taxonomy":"product_cat","embeddable":true,"href":"https:\/\/www.mtlghouse.ca\/en\/wp-json\/wp\/v2\/product_cat?post=52854"},{"taxonomy":"product_tag","embeddable":true,"href":"https:\/\/www.mtlghouse.ca\/en\/wp-json\/wp\/v2\/product_tag?post=52854"}],"curies":[{"name":"wp","href":"https:\/\/api.w.org\/{rel}","templated":true}]}}